{"id":812,"date":"2018-06-18T16:05:00","date_gmt":"2018-06-18T15:05:00","guid":{"rendered":"http:\/\/lewebpedagogique.com\/doubslivreelu\/?page_id=812"},"modified":"2018-06-18T16:05:00","modified_gmt":"2018-06-18T15:05:00","slug":"critiques-2018","status":"publish","type":"page","link":"https:\/\/doubslivreelu.fr\/index.php\/critiques-2018\/","title":{"rendered":"Critiques 2018"},"content":{"rendered":"<p>Les \u00e9l\u00e8ves de la troisi\u00e8me B du coll\u00e8ge Lumi\u00e8re \u00e0 Besan\u00e7on ont r\u00e9dig\u00e9 des critiques tr\u00e8s pertinentes sur les ouvrages de la liste 6. Les voici :<\/p>\n<ul>\n<li><strong><a href=\"https:\/\/files.acrobat.com\/a\/preview\/7d38b203-949f-40cc-8ffd-6130f8cf0f31\">Coeur de bois<\/a><\/strong><\/li>\n<li><strong><a href=\"https:\/\/files.acrobat.com\/a\/preview\/3b0767c4-717d-4dce-8f95-d447a62f28e8\">Culott\u00e9es<\/a><\/strong><\/li>\n<li><strong><a href=\"https:\/\/files.acrobat.com\/a\/preview\/f1ab1fe2-fea9-4e84-aa0b-09cbc5887a37\">Traqu\u00e9es<\/a><\/strong><\/li>\n<li><strong><a href=\"https:\/\/files.acrobat.com\/a\/preview\/d6aae35d-7a03-43b5-b4cd-75f75cf14467\">Ma\u00eft\u00e9 coiffure<\/a><\/strong><\/li>\n<li><strong><a href=\"https:\/\/files.acrobat.com\/a\/preview\/92587b82-62e4-40a6-a89e-d55ff006af94\">La trouille<\/a><\/strong><\/li>\n<li><strong><a href=\"https:\/\/files.acrobat.com\/a\/preview\/92587b82-62e4-40a6-a89e-d55ff006af94\">Fr\u00e8re de sang<\/a><\/strong><\/li>\n<li><strong><a href=\"https:\/\/files.acrobat.com\/a\/preview\/506a15a8-78d7-43ef-9c26-0d47976484ec\">Flora Banks<\/a><\/strong><\/li>\n<li><strong><a href=\"https:\/\/files.acrobat.com\/a\/preview\/e822e0e8-8d20-413e-be22-0fde7084c9fd\">Le fant\u00f4me de Sarah Fischer<\/a><\/strong><\/li>\n<li><strong><a href=\"https:\/\/files.acrobat.com\/a\/preview\/a7956b57-3f20-48ee-9444-d85ce6549b47\">Everything everything<\/a><\/strong><\/li>\n<li><strong><a href=\"https:\/\/files.acrobat.com\/a\/preview\/6cc33dfa-eb2d-4b45-a54f-8e612b153b04\">Envole-moi<\/a><\/strong><\/li>\n<\/ul>\n<p>Les \u00e9l\u00e8ves de CE1 de l&rsquo;\u00e9cole Rivotte \u00e0 Besan\u00e7on ont eux aussi r\u00e9dig\u00e9 des critiques mais sur la liste 2. Les voil\u00e0 :<\/p>\n<ul>\n<li><strong><a href=\"https:\/\/files.acrobat.com\/a\/preview\/47eb775d-d36e-4754-a438-64eaefd0046c\">critiques liste 2<\/a><\/strong><\/li>\n<\/ul>\n","protected":false},"excerpt":{"rendered":"<p>Les \u00e9l\u00e8ves de la troisi\u00e8me B du coll\u00e8ge Lumi\u00e8re \u00e0 Besan\u00e7on ont r\u00e9dig\u00e9 des critiques tr\u00e8s pertinentes sur les ouvrages de la liste 6. Les voici : Coeur de bois Culott\u00e9es Traqu\u00e9es Ma\u00eft\u00e9 coiffure La trouille Fr\u00e8re de sang Flora Banks Le fant\u00f4me de Sarah Fischer Everything everything Envole-moi Les \u00e9l\u00e8ves de CE1 de l&rsquo;\u00e9cole Rivotte \u00e0 Besan\u00e7on ont eux aussi r\u00e9dig\u00e9 des critiques mais sur la liste 2. Les voil\u00e0 : critiques liste 2<\/p>\n","protected":false},"author":1,"featured_media":0,"parent":0,"menu_order":0,"comment_status":"closed","ping_status":"closed","template":"","meta":{"footnotes":""},"folder":[],"class_list":["post-812","page","type-page","status-publish","hentry"],"_links":{"self":[{"href":"https:\/\/doubslivreelu.fr\/index.php\/wp-json\/wp\/v2\/pages\/812","targetHints":{"allow":["GET"]}}],"collection":[{"href":"https:\/\/doubslivreelu.fr\/index.php\/wp-json\/wp\/v2\/pages"}],"about":[{"href":"https:\/\/doubslivreelu.fr\/index.php\/wp-json\/wp\/v2\/types\/page"}],"author":[{"embeddable":true,"href":"https:\/\/doubslivreelu.fr\/index.php\/wp-json\/wp\/v2\/users\/1"}],"replies":[{"embeddable":true,"href":"https:\/\/doubslivreelu.fr\/index.php\/wp-json\/wp\/v2\/comments?post=812"}],"version-history":[{"count":0,"href":"https:\/\/doubslivreelu.fr\/index.php\/wp-json\/wp\/v2\/pages\/812\/revisions"}],"wp:attachment":[{"href":"https:\/\/doubslivreelu.fr\/index.php\/wp-json\/wp\/v2\/media?parent=812"}],"wp:term":[{"taxonomy":"folder","embeddable":true,"href":"https:\/\/doubslivreelu.fr\/index.php\/wp-json\/wp\/v2\/folder?post=812"}],"curies":[{"name":"wp","href":"https:\/\/api.w.org\/{rel}","templated":true}]}}