{"id":431,"date":"2016-05-04T10:36:14","date_gmt":"2016-05-04T09:36:14","guid":{"rendered":"http:\/\/lewebpedagogique.com\/doubslivreelu\/?page_id=431"},"modified":"2024-09-26T14:56:43","modified_gmt":"2024-09-26T12:56:43","slug":"critiques-2016","status":"publish","type":"page","link":"https:\/\/doubslivreelu.fr\/index.php\/critiques-2016\/","title":{"rendered":"Critiques 2016"},"content":{"rendered":"<p><strong>Liste 1<\/strong><\/p>\n<ul>\n<li>Ecole St Claude \u00e0 Besan\u00e7on : f<a href=\"http:\/\/doubslivreelu.fr\/wp-content\/uploads\/2016\/05\/Fiche-demarche-Livre-elu-2016.odt\" target=\"_blank\" rel=\"noopener\">iche d\u00e9marche \u00ab\u00a0Sculptures animales\u00a0\u00bb<\/a><\/li>\n<\/ul>\n<p><strong>Liste 2<\/strong><\/p>\n<ul>\n<li>Ecole Brossolette : d<a href=\"http:\/\/lewebpedagogique.com\/doubslivreelu\/files\/2016\/05\/D\u00e9marche-Ecole-Brossolette-ULIS-TFC.pdf\" rel=\"\">\u00e9marche Ecole Brossolette ULIS TFC<\/a> et <a href=\"http:\/\/lewebpedagogique.com\/doubslivreelu\/files\/2016\/05\/critique-ULIS-TFC-Brossolette.pdf\" rel=\"\">critique ULIS TFC Brossolette<\/a><\/li>\n<li>Ecole des Foss\u00e9s \u00e0 Montb\u00e9liard : <a href=\"http:\/\/lewebpedagogique.com\/doubslivreelu\/files\/2016\/06\/Critiques-Liste-2-EE-Fosse?s-Montbe?liard1.docx\" rel=\"\">Critiques <\/a><\/li>\n<\/ul>\n<p><strong>Liste 3<\/strong><\/p>\n<ul>\n<li>Ecole des Longevilles mont d&rsquo;Or- Rochejean :\u00a0\u00a0\u00a0\u00a0\u00a0\u00a0\u00a0\u00a0\u00a0\u00a0\u00a0\u00a0\u00a0\u00a0\u00a0\u00a0\u00a0\u00a0\u00a0\u00a0\u00a0\u00a0\u00a0\u00a0\u00a0\u00a0\u00a0\u00a0\u00a0\u00a0\u00a0\u00a0\u00a0\u00a0\u00a0\u00a0\u00a0\u00a0\u00a0\u00a0\u00a0\u00a0\u00a0\u00a0\u00a0\u00a0\u00a0\u00a0\u00a0\u00a0\u00a0\u00a0\u00a0\u00a0\u00a0\u00a0\u00a0\u00a0\u00a0\u00a0\u00a0\u00a0\u00a0\u00a0\u00a0\u00a0\u00a0\u00a0\u00a0\u00a0\u00a0\u00a0\u00a0\u00a0 <a href=\"http:\/\/lewebpedagogique.com\/doubslivreelu\/files\/2016\/05\/astrid-et-madelyne.pdf\" rel=\"\">astrid et madelyne<\/a>\u00a0\u00a0\u00a0\u00a0\u00a0\u00a0\u00a0\u00a0\u00a0\u00a0\u00a0\u00a0\u00a0\u00a0\u00a0\u00a0\u00a0\u00a0\u00a0\u00a0\u00a0\u00a0\u00a0 <a href=\"http:\/\/lewebpedagogique.com\/doubslivreelu\/files\/2016\/05\/capu-et-diego.pdf\" rel=\"\">capu et diego<\/a>\u00a0\u00a0\u00a0\u00a0\u00a0\u00a0\u00a0\u00a0\u00a0\u00a0\u00a0\u00a0\u00a0\u00a0\u00a0\u00a0\u00a0\u00a0\u00a0\u00a0\u00a0\u00a0\u00a0\u00a0\u00a0\u00a0\u00a0\u00a0\u00a0\u00a0\u00a0\u00a0\u00a0\u00a0\u00a0\u00a0\u00a0\u00a0\u00a0\u00a0\u00a0\u00a0\u00a0\u00a0\u00a0\u00a0 <a href=\"http:\/\/lewebpedagogique.com\/doubslivreelu\/files\/2016\/05\/chlo\u00e9-et-romain.pdf\" rel=\"\">chlo\u00e9 et romain<\/a> <a href=\"http:\/\/lewebpedagogique.com\/doubslivreelu\/files\/2016\/05\/elanore-et-axel.pdf\" rel=\"\">elanore et axel<\/a>\u00a0\u00a0\u00a0\u00a0\u00a0\u00a0\u00a0\u00a0\u00a0\u00a0\u00a0\u00a0\u00a0\u00a0\u00a0\u00a0\u00a0\u00a0\u00a0\u00a0\u00a0\u00a0\u00a0\u00a0\u00a0\u00a0 <a href=\"http:\/\/lewebpedagogique.com\/doubslivreelu\/files\/2016\/05\/elea-et-manon.pdf\" rel=\"\">elea et manon<\/a>\u00a0\u00a0\u00a0\u00a0\u00a0\u00a0\u00a0\u00a0\u00a0\u00a0\u00a0\u00a0\u00a0\u00a0\u00a0\u00a0\u00a0\u00a0\u00a0\u00a0\u00a0\u00a0\u00a0\u00a0\u00a0\u00a0\u00a0\u00a0\u00a0\u00a0\u00a0\u00a0\u00a0\u00a0\u00a0\u00a0\u00a0\u00a0\u00a0\u00a0\u00a0\u00a0\u00a0\u00a0\u00a0\u00a0\u00a0 <a href=\"http:\/\/lewebpedagogique.com\/doubslivreelu\/files\/2016\/05\/gabin-et-oceane.pdf\" rel=\"\">gabin et oceane<\/a> <a href=\"http:\/\/lewebpedagogique.com\/doubslivreelu\/files\/2016\/05\/ines-et-jules.pdf\" rel=\"\">ines et jules<\/a>\u00a0\u00a0\u00a0\u00a0\u00a0\u00a0\u00a0\u00a0\u00a0\u00a0\u00a0\u00a0\u00a0\u00a0\u00a0\u00a0\u00a0\u00a0\u00a0\u00a0\u00a0\u00a0\u00a0\u00a0\u00a0\u00a0 <a href=\"http:\/\/lewebpedagogique.com\/doubslivreelu\/files\/2016\/05\/lilou-et-nathan.pdf\" rel=\"\">lilou et nathan<\/a>\u00a0\u00a0\u00a0\u00a0\u00a0\u00a0\u00a0\u00a0\u00a0\u00a0\u00a0\u00a0\u00a0\u00a0\u00a0\u00a0\u00a0\u00a0\u00a0\u00a0\u00a0\u00a0\u00a0\u00a0\u00a0\u00a0\u00a0\u00a0\u00a0\u00a0\u00a0\u00a0\u00a0\u00a0\u00a0\u00a0\u00a0\u00a0\u00a0\u00a0 <a href=\"http:\/\/lewebpedagogique.com\/doubslivreelu\/files\/2016\/05\/madelyne-ET-JULIETTE.pdf\" rel=\"\">madelyne ET JULIETTE<\/a> <a href=\"http:\/\/lewebpedagogique.com\/doubslivreelu\/files\/2016\/05\/maiana-et-alixe.pdf\" rel=\"\">maiana et alixe<\/a>\u00a0\u00a0\u00a0\u00a0\u00a0\u00a0\u00a0\u00a0\u00a0\u00a0\u00a0\u00a0\u00a0\u00a0\u00a0\u00a0\u00a0\u00a0\u00a0\u00a0\u00a0 <a href=\"http:\/\/lewebpedagogique.com\/doubslivreelu\/files\/2016\/05\/soltane-et-laura.pdf\" rel=\"\">soltane et laura<\/a>\u00a0\u00a0\u00a0\u00a0\u00a0\u00a0\u00a0\u00a0\u00a0\u00a0\u00a0\u00a0\u00a0\u00a0\u00a0\u00a0\u00a0\u00a0\u00a0\u00a0\u00a0\u00a0\u00a0\u00a0\u00a0\u00a0\u00a0\u00a0\u00a0\u00a0\u00a0\u00a0\u00a0\u00a0\u00a0\u00a0\u00a0\u00a0\u00a0\u00a0\u00a0\u00a0\u00a0\u00a0\u00a0\u00a0\u00a0\u00a0 <a href=\"http:\/\/lewebpedagogique.com\/doubslivreelu\/files\/2016\/05\/Zelie-et-ethan.pdf\" rel=\"\">Zelie et ethan<\/a><\/li>\n<li>Ecole Granvelle \u00e0 Besan\u00e7on : <a href=\"http:\/\/lewebpedagogique.com\/doubslivreelu\/files\/2016\/05\/Granvelle-Critique-liste-3.pdf\" rel=\"\">Granvelle Critiques<\/a><\/li>\n<\/ul>\n<p><strong>Listes 3 et 4<\/strong><\/p>\n<ul>\n<li>Ecole de M\u00e9sandans : <a href=\"http:\/\/lewebpedagogique.com\/doubslivreelu\/files\/2016\/05\/critiques-Mesandans.docx\" rel=\"\">critiques Mesandans<\/a><\/li>\n<li>Ecole de la Butte \u00e0 Besan\u00e7on :\u00a0<a href=\"http:\/\/lewebpedagogique.com\/doubslivreelu\/files\/2016\/05\/CRITIQUES-de-10-livres.docx\" rel=\"\"> critiques de 10 livres<\/a><\/li>\n<li>Ecole de Liesle : <a href=\"http:\/\/lewebpedagogique.com\/doubslivreelu\/files\/2016\/05\/critiques.pdf\" rel=\"\">critiques<\/a><\/li>\n<li>Ecole de Maisons du bois-Li\u00e8vremont : <a href=\"http:\/\/lewebpedagogique.com\/doubslivreelu\/files\/2016\/05\/MDBLcritiques2016.pdf\" rel=\"\">MDBLcritiques2016<\/a><\/li>\n<\/ul>\n<p><strong>Liste 4<\/strong><\/p>\n<ul>\n<li>Coll\u00e8ge Marcel Aym\u00e9 \u00e0 Chaussin<\/li>\n<\/ul>\n<p>https:\/\/www.youtube.com\/watch?v=xhP-HP0KzBs&#038;feature=youtu.be<\/p>\n<ul>\n<li>Coll\u00e8ge des Combelles\u00a0 \u00e0 Fougerolles :\u00a0\u00a0\u00a0\u00a0\u00a0\u00a0\u00a0\u00a0\u00a0\u00a0\u00a0\u00a0\u00a0\u00a0\u00a0\u00a0\u00a0\u00a0\u00a0\u00a0\u00a0\u00a0\u00a0\u00a0\u00a0\u00a0\u00a0\u00a0\u00a0\u00a0\u00a0\u00a0\u00a0\u00a0\u00a0\u00a0\u00a0\u00a0\u00a0\u00a0\u00a0\u00a0\u00a0\u00a0\u00a0\u00a0\u00a0\u00a0\u00a0\u00a0\u00a0\u00a0\u00a0\u00a0\u00a0\u00a0\u00a0\u00a0\u00a0\u00a0\u00a0\u00a0\u00a0\u00a0\u00a0\u00a0\u00a0\u00a0\u00a0\u00a0\u00a0\u00a0\u00a0\u00a0\u00a0\u00a0\u00a0\u00a0\u00a0\u00a0\u00a0\u00a0\u00a0\u00a0\u00a0\u00a0\u00a0\u00a0\u00a0\u00a0\u00a0\u00a0\u00a0\u00a0\u00a0\u00a0 <a href=\"https:\/\/www.dropbox.com\/sh\/52s1l6oo2j4p6pi\/AADMreSEgzF1O6neM3SHQoNka?dl=0\">bandes annonces sur L<em>a petite soeur du petit chaperon rouge\u00a0\u00a0\u00a0\u00a0\u00a0\u00a0\u00a0\u00a0\u00a0\u00a0\u00a0\u00a0\u00a0\u00a0\u00a0\u00a0\u00a0\u00a0\u00a0\u00a0\u00a0\u00a0\u00a0\u00a0\u00a0\u00a0\u00a0\u00a0\u00a0\u00a0\u00a0\u00a0\u00a0\u00a0\u00a0\u00a0\u00a0\u00a0\u00a0\u00a0\u00a0\u00a0\u00a0\u00a0\u00a0\u00a0\u00a0\u00a0\u00a0\u00a0\u00a0\u00a0\u00a0 <\/em><\/a><em><a href=\"http:\/\/lewebpedagogique.com\/doubslivreelu\/files\/2016\/05\/critique-une-enqu\u00eate-sign\u00e9e-betty.odt\" rel=\"\">critique\u00a0 : Une enqu\u00eate sign\u00e9e Betty<\/a>\u00a0\u00a0\u00a0\u00a0\u00a0\u00a0\u00a0\u00a0\u00a0\u00a0\u00a0\u00a0\u00a0\u00a0\u00a0\u00a0\u00a0\u00a0\u00a0\u00a0\u00a0\u00a0\u00a0\u00a0\u00a0\u00a0\u00a0\u00a0\u00a0\u00a0\u00a0\u00a0\u00a0\u00a0\u00a0\u00a0\u00a0\u00a0\u00a0\u00a0\u00a0\u00a0\u00a0\u00a0\u00a0\u00a0\u00a0\u00a0\u00a0\u00a0\u00a0\u00a0 \u00a0 \u00a0 \u00a0 \u00a0 \u00a0 \u00a0 \u00a0 \u00a0 \u00a0 \u00a0 \u00a0 \u00a0 \u00a0 \u00a0 \u00a0 \u00a0 \u00a0 \u00a0 \u00a0 \u00a0 \u00a0 \u00a0 \u00a0 \u00a0 \u00a0 \u00a0 \u00a0 \u00a0\u00a0 \u00a0<a href=\"http:\/\/lewebpedagogique.com\/doubslivreelu\/files\/2016\/05\/fiche-descriptive-critique-une-enqu\u00eate-sign\u00e9e-betty.odt\" rel=\"\">fiche descriptive critique : Une enqu\u00eate sign\u00e9e Betty<\/a><\/em><\/li>\n<li>Coll\u00e8ge Pierre Vernier \u00e0 Ornans : <a href=\"http:\/\/lewebpedagogique.com\/doubslivreelu\/files\/2016\/05\/critiques-Pierre-Vernier-Ornans-1.docx\" rel=\"\">critiques <\/a><\/li>\n<li>Ecole Lavoisier : <a href=\"http:\/\/lewebpedagogique.com\/doubslivreelu\/files\/2016\/05\/AZAMI.odt\" rel=\"\">AZAMI<\/a>\u00a0\u00a0\u00a0\u00a0\u00a0\u00a0\u00a0\u00a0\u00a0\u00a0\u00a0\u00a0\u00a0\u00a0\u00a0\u00a0\u00a0\u00a0\u00a0\u00a0\u00a0\u00a0\u00a0 <a href=\"http:\/\/lewebpedagogique.com\/doubslivreelu\/files\/2016\/05\/La-balade-de-YaYa.odt\" rel=\"\">La balade de YaYa<\/a>\u00a0\u00a0\u00a0\u00a0\u00a0\u00a0\u00a0\u00a0\u00a0\u00a0\u00a0\u00a0\u00a0\u00a0\u00a0\u00a0\u00a0\u00a0\u00a0\u00a0\u00a0\u00a0\u00a0\u00a0\u00a0\u00a0\u00a0\u00a0\u00a0\u00a0\u00a0\u00a0\u00a0\u00a0\u00a0\u00a0 <a href=\"http:\/\/lewebpedagogique.com\/doubslivreelu\/files\/2016\/05\/le-colis-rouge.odt\" rel=\"\">le colis rouge<\/a> <a href=\"http:\/\/lewebpedagogique.com\/doubslivreelu\/files\/2016\/05\/le-tangram-magique.odt\" rel=\"\">le tangram magique \u00a0 \u00a0 \u00a0 \u00a0 \u00a0 \u00a0 \u00a0 \u00a0\u00a0<\/a> <a href=\"http:\/\/lewebpedagogique.com\/doubslivreelu\/files\/2016\/05\/small.odt\" rel=\"\">small<\/a>\u00a0\u00a0\u00a0\u00a0\u00a0\u00a0\u00a0\u00a0\u00a0\u00a0\u00a0\u00a0\u00a0\u00a0\u00a0\u00a0\u00a0\u00a0\u00a0\u00a0\u00a0\u00a0\u00a0\u00a0\u00a0\u00a0\u00a0\u00a0\u00a0\u00a0\u00a0\u00a0\u00a0\u00a0\u00a0\u00a0\u00a0\u00a0\u00a0\u00a0\u00a0\u00a0\u00a0\u00a0\u00a0\u00a0\u00a0\u00a0\u00a0\u00a0\u00a0\u00a0\u00a0\u00a0\u00a0\u00a0\u00a0\u00a0\u00a0\u00a0\u00a0\u00a0\u00a0\u00a0\u00a0\u00a0 <a href=\"http:\/\/lewebpedagogique.com\/doubslivreelu\/files\/2016\/05\/Toile-de-dragon.odt\" rel=\"\">Toile de dragon<\/a> <a href=\"http:\/\/lewebpedagogique.com\/doubslivreelu\/files\/2016\/05\/La-petite-soeur-du-Chaperon-rouge.odt\" rel=\"\">La petite soeur du Chaperon rouge<\/a>\u00a0\u00a0\u00a0\u00a0\u00a0\u00a0\u00a0\u00a0\u00a0\u00a0\u00a0\u00a0\u00a0\u00a0\u00a0\u00a0\u00a0\u00a0\u00a0\u00a0\u00a0\u00a0\u00a0\u00a0\u00a0\u00a0\u00a0\u00a0\u00a0\u00a0\u00a0\u00a0\u00a0\u00a0 <a href=\"http:\/\/lewebpedagogique.com\/doubslivreelu\/files\/2016\/05\/Azami21.odt\" rel=\"\">Azami<\/a><\/li>\n<li>Ecole Ren\u00e9 Roussey : <a href=\"http:\/\/lewebpedagogique.com\/doubslivreelu\/files\/2016\/05\/perle-et-man\u00e8le.odt\" rel=\"\">perle et man\u00e8le \u00a0 \u00a0 \u00a0 \u00a0 \u00a0 \u00a0 \u00a0 \u00a0 \u00a0 \u00a0 \u00a0 \u00a0\u00a0<\/a> <a href=\"http:\/\/lewebpedagogique.com\/doubslivreelu\/files\/2016\/05\/Chlo\u00e9SilaYoni.odt\" rel=\"\">Chlo\u00e9,Sila,Yoni \u00a0 \u00a0 \u00a0 \u00a0 \u00a0<\/a> <a href=\"http:\/\/lewebpedagogique.com\/doubslivreelu\/files\/2016\/05\/nathan-et-paul.odt\" rel=\"\">nathan et paul<\/a> <a href=\"http:\/\/lewebpedagogique.com\/doubslivreelu\/files\/2016\/05\/Azami-Julie-et-Ambre.odt\" rel=\"\">Azami Julie et Ambre \u00a0 \u00a0 \u00a0 \u00a0 \u00a0 \u00a0 \u00a0 \u00a0\u00a0<\/a> <a href=\"http:\/\/lewebpedagogique.com\/doubslivreelu\/files\/2016\/05\/Mattys-et-Lenny.odt\" rel=\"\">Mattys et Lenny<\/a>\u00a0\u00a0\u00a0\u00a0\u00a0\u00a0\u00a0\u00a0\u00a0\u00a0\u00a0\u00a0\u00a0\u00a0\u00a0\u00a0\u00a0\u00a0\u00a0\u00a0\u00a0\u00a0\u00a0\u00a0\u00a0\u00a0\u00a0\u00a0\u00a0\u00a0\u00a0\u00a0\u00a0\u00a0\u00a0\u00a0\u00a0\u00a0\u00a0\u00a0\u00a0 <a href=\"http:\/\/lewebpedagogique.com\/doubslivreelu\/files\/2016\/05\/Amely-et-Doria.odt\" rel=\"\">Amely et Doria<\/a> <a href=\"http:\/\/lewebpedagogique.com\/doubslivreelu\/files\/2016\/05\/Ma\u00eflys-et-Albert.odt\" rel=\"\">Ma\u00eflys et Albert<\/a>\u00a0\u00a0\u00a0\u00a0\u00a0\u00a0\u00a0\u00a0\u00a0\u00a0\u00a0\u00a0\u00a0\u00a0\u00a0\u00a0\u00a0\u00a0\u00a0 <a href=\"http:\/\/lewebpedagogique.com\/doubslivreelu\/files\/2016\/05\/Joana-et-Salom\u00e9-3.odt\" rel=\"\">Joana et Salom\u00e9 3<\/a>\u00a0\u00a0\u00a0\u00a0\u00a0\u00a0\u00a0\u00a0\u00a0\u00a0\u00a0\u00a0\u00a0\u00a0\u00a0\u00a0\u00a0\u00a0\u00a0\u00a0\u00a0\u00a0\u00a0\u00a0\u00a0\u00a0 <a href=\"http:\/\/lewebpedagogique.com\/doubslivreelu\/files\/2016\/05\/Cl\u00e9m\u00e9nce-et-margaux.odt\" rel=\"\">Cl\u00e9m\u00e9nce et margaux<\/a><\/li>\n<\/ul>\n<p><strong>Listes 4 et 5<\/strong><\/p>\n<ul>\n<li>Coll\u00e8ge Emile Laroue \u00e0 Frasne : <a href=\"http:\/\/lewebpedagogique.com\/doubslivreelu\/files\/2016\/05\/critiques-\u00e0-rendre-livre-\u00e9lu-2016.odt\" rel=\"\">critiques <\/a><\/li>\n<\/ul>\n<p><strong>Liste 5<\/strong><\/p>\n<ul>\n<li>Coll\u00e8ge Lou Blazer \u00e0 Montb\u00e9liard :\u00a0 \u00a0 \u00a0 \u00a0 \u00a0 \u00a0 \u00a0 \u00a0 \u00a0 \u00a0 \u00a0 \u00a0 \u00a0 \u00a0 \u00a0 \u00a0 \u00a0 \u00a0 \u00a0 \u00a0 \u00a0 \u00a0 \u00a0 \u00a0 \u00a0 \u00a0 \u00a0 \u00a0 \u00a0 \u00a0 \u00a0 \u00a0 \u00a0 \u00a0 \u00a0 \u00a0 \u00a0 \u00a0 \u00a0 \u00a0 \u00a0 \u00a0 \u00a0 \u00a0 \u00a0 \u00a0 \u00a0 \u00a0 \u00a0 \u00a0 \u00a0 \u00a0 <a href=\"http:\/\/lewebpedagogique.com\/doubslivreelu\/files\/2016\/05\/seuls.odt\" rel=\"\"><em>Seuls, T1, La disparition<\/em><\/a> \u00a0 \u00a0 \u00a0 \u00a0 \u00a0 \u00a0 \u00a0 \u00a0 \u00a0 \u00a0 \u00a0 \u00a0 \u00a0 \u00a0 \u00a0 \u00a0 \u00a0 \u00a0 \u00a0 \u00a0 \u00a0 \u00a0 \u00a0 \u00a0 \u00a0 \u00a0 \u00a0 \u00a0 \u00a0 \u00a0 \u00a0 \u00a0 \u00a0 \u00a0 \u00a0 \u00a0 \u00a0 \u00a0 \u00a0 \u00a0 \u00a0 \u00a0 \u00a0 \u00a0 \u00a0 \u00a0 \u00a0 \u00a0 \u00a0\u00a0 \u00a0 \u00a0 \u00a0 \u00a0 \u00a0 \u00a0 \u00a0 \u00a0 \u00a0 \u00a0 \u00a0 \u00a0 <a href=\"http:\/\/lewebpedagogique.com\/doubslivreelu\/files\/2016\/05\/10-minutes.odt\" rel=\"\"><em>10 minutes \u00e0 perdre<\/em>\u00a0\u00a0\u00a0\u00a0\u00a0\u00a0\u00a0\u00a0\u00a0\u00a0\u00a0\u00a0\u00a0\u00a0\u00a0\u00a0\u00a0\u00a0\u00a0\u00a0\u00a0\u00a0\u00a0\u00a0\u00a0\u00a0\u00a0\u00a0\u00a0\u00a0\u00a0\u00a0\u00a0\u00a0\u00a0\u00a0\u00a0\u00a0\u00a0\u00a0\u00a0\u00a0\u00a0\u00a0\u00a0\u00a0\u00a0\u00a0\u00a0\u00a0\u00a0\u00a0 \u00a0 \u00a0 \u00a0 \u00a0 \u00a0 \u00a0 \u00a0 \u00a0\u00a0\u00a0\u00a0\u00a0\u00a0\u00a0\u00a0\u00a0\u00a0\u00a0\u00a0\u00a0\u00a0\u00a0\u00a0\u00a0\u00a0\u00a0\u00a0\u00a0\u00a0\u00a0\u00a0\u00a0\u00a0\u00a0\u00a0\u00a0\u00a0\u00a0\u00a0\u00a0\u00a0\u00a0\u00a0\u00a0\u00a0\u00a0\u00a0\u00a0\u00a0\u00a0\u00a0\u00a0\u00a0\u00a0\u00a0\u00a0\u00a0\u00a0\u00a0\u00a0\u00a0\u00a0\u00a0\u00a0\u00a0\u00a0\u00a0\u00a0\u00a0\u00a0\u00a0\u00a0\u00a0\u00a0 <\/a><a href=\"http:\/\/lewebpedagogique.com\/doubslivreelu\/files\/2016\/05\/ils-nauraient.odt\" rel=\"\"><em>Roman d\u2019horreur, Ils n\u2019auraient jamais d\u00fb retourner dans cette maison \u00a0 \u00a0 \u00a0 \u00a0 \u00a0 \u00a0 \u00a0 \u00a0 \u00a0 \u00a0 \u00a0 \u00a0 \u00a0\u00a0 \u00a0 \u00a0\u00a0<\/em>\u00a0 \u00a0 <\/a><a href=\"http:\/\/lewebpedagogique.com\/doubslivreelu\/files\/2016\/05\/Mentine.odt\" rel=\"\"><em>Mentine, T1, Priv\u00e9e de r\u00e9seau\u00a0!<\/em>\u00a0\u00a0\u00a0\u00a0\u00a0\u00a0\u00a0\u00a0\u00a0\u00a0\u00a0\u00a0\u00a0\u00a0\u00a0\u00a0\u00a0\u00a0\u00a0\u00a0\u00a0\u00a0\u00a0\u00a0\u00a0\u00a0\u00a0\u00a0\u00a0\u00a0\u00a0\u00a0\u00a0\u00a0\u00a0\u00a0\u00a0\u00a0\u00a0\u00a0\u00a0\u00a0\u00a0\u00a0\u00a0\u00a0\u00a0\u00a0\u00a0\u00a0\u00a0\u00a0\u00a0\u00a0\u00a0\u00a0\u00a0\u00a0\u00a0\u00a0\u00a0\u00a0\u00a0\u00a0\u00a0\u00a0\u00a0\u00a0\u00a0\u00a0\u00a0\u00a0\u00a0\u00a0\u00a0\u00a0\u00a0\u00a0\u00a0\u00a0\u00a0\u00a0 \u00a0 \u00a0 \u00a0 \u00a0 \u00a0 \u00a0\u00a0\u00a0\u00a0\u00a0\u00a0\u00a0\u00a0\u00a0\u00a0\u00a0\u00a0\u00a0\u00a0\u00a0\u00a0\u00a0\u00a0\u00a0\u00a0 <\/a><a href=\"http:\/\/lewebpedagogique.com\/doubslivreelu\/files\/2016\/05\/rush.odt\" rel=\"\"><em>Rush, Contrat 1, Dette de sang<\/em><\/a><\/li>\n<\/ul>\n<p><strong>Listes 5 et 6<\/strong><\/p>\n<ul>\n<li>Coll\u00e8ge Rouget de Lisle \u00e0 Lons Le Saunier :<a href=\"https:\/\/madmagz.com\/fr\/magazine\/750602\"> https:\/\/madmagz.com\/fr\/magazine\/750602 <\/a><\/li>\n<\/ul>\n<p><strong>Listes 4,5 et 6<\/strong><\/p>\n<ul>\n<li>Coll\u00e8ge Guynemer \u00e0 Montb\u00e9liard : <a href=\"http:\/\/lewebpedagogique.com\/doubslivreelu\/files\/2016\/05\/lecielnousappartientmarie-1.odt\" rel=\"\">le ciel nous appartient \u00a0 \u00a0 \u00a0 \u00a0\u00a0<\/a> <a href=\"http:\/\/lewebpedagogique.com\/doubslivreelu\/files\/2016\/05\/critiquela-drole-devasion-.odt\" rel=\"\">la drole d&rsquo;evasion<\/a> <a href=\"http:\/\/lewebpedagogique.com\/doubslivreelu\/files\/2016\/05\/critiqueenclaves.odt\" rel=\"\">enclave \u00a0 \u00a0 \u00a0 \u00a0\u00a0<\/a> <a href=\"http:\/\/lewebpedagogique.com\/doubslivreelu\/files\/2016\/05\/critiquecoeurd-artie-show.odt\" rel=\"\">coeur d artie show<\/a>\u00a0\u00a0\u00a0\u00a0\u00a0\u00a0\u00a0\u00a0\u00a0 <a href=\"http:\/\/lewebpedagogique.com\/doubslivreelu\/files\/2016\/05\/critiquecaprice.odt\" rel=\"\">caprices \u00a0 \u00a0 \u00a0 \u00a0 \u00a0 \u00a0 \u00a0<\/a> <a href=\"http:\/\/lewebpedagogique.com\/doubslivreelu\/files\/2016\/05\/critiquelameneusedeb\u00eates.odt\" rel=\"\">la meneuse de b\u00eates<\/a>\u00a0\u00a0\u00a0\u00a0\u00a0\u00a0\u00a0\u00a0\u00a0\u00a0\u00a0\u00a0\u00a0\u00a0\u00a0 <a href=\"http:\/\/lewebpedagogique.com\/doubslivreelu\/files\/2016\/05\/critiqueBLEUE.odt\" rel=\"\">BLEUE<\/a>\u00a0\u00a0\u00a0\u00a0\u00a0\u00a0 <a href=\"http:\/\/lewebpedagogique.com\/doubslivreelu\/files\/2016\/05\/Critiqueavecmamanfantine.odt\" rel=\"\">avec maman<\/a>\u00a0\u00a0\u00a0\u00a0\u00a0\u00a0\u00a0\u00a0\u00a0\u00a0\u00a0 <a href=\"http:\/\/lewebpedagogique.com\/doubslivreelu\/files\/2016\/05\/critiqueroman-d-horreur.odt\" rel=\"\">roman d horreur<\/a>\u00a0\u00a0\u00a0\u00a0\u00a0\u00a0\u00a0\u00a0\u00a0\u00a0 <a href=\"http:\/\/lewebpedagogique.com\/doubslivreelu\/files\/2016\/05\/critiquemicro-girl.odt\" rel=\"\">micro girl<\/a><\/li>\n<\/ul>\n<p>&nbsp;<\/p>\n<p><strong>Liste 6<\/strong><\/p>\n<ul>\n<li>le lyc\u00e9e Belin \u00e0 Vesoul : <a href=\"http:\/\/lewebpedagogique.com\/doubslivreelu\/files\/2016\/05\/Livre-\u00e9lu-d\u00e9marche-lyc\u00e9e-Belin-Vesoul.pdf\" rel=\"\">Livre \u00e9lu d\u00e9marche lyc\u00e9e Belin-Vesoul<\/a> et <a href=\"http:\/\/lewebpedagogique.com\/doubslivreelu\/files\/2016\/05\/Livre-\u00e9lu_Lyc\u00e9e-Belin-_-Vesoul_-2016.pdf\" rel=\"\">Livre \u00e9lu_Lyc\u00e9e Belin _ Vesoul_ 2016<\/a><\/li>\n<\/ul>\n","protected":false},"excerpt":{"rendered":"<p>Liste 1 Ecole St Claude \u00e0 Besan\u00e7on : fiche d\u00e9marche \u00ab\u00a0Sculptures animales\u00a0\u00bb Liste 2 Ecole Brossolette : d\u00e9marche Ecole Brossolette ULIS TFC et critique ULIS TFC Brossolette Ecole des Foss\u00e9s \u00e0 Montb\u00e9liard : Critiques Liste 3 Ecole des Longevilles mont d&rsquo;Or- Rochejean :\u00a0\u00a0\u00a0\u00a0\u00a0\u00a0\u00a0\u00a0\u00a0\u00a0\u00a0\u00a0\u00a0\u00a0\u00a0\u00a0\u00a0\u00a0\u00a0\u00a0\u00a0\u00a0\u00a0\u00a0\u00a0\u00a0\u00a0\u00a0\u00a0\u00a0\u00a0\u00a0\u00a0\u00a0\u00a0\u00a0\u00a0\u00a0\u00a0\u00a0\u00a0\u00a0\u00a0\u00a0\u00a0\u00a0\u00a0\u00a0\u00a0\u00a0\u00a0\u00a0\u00a0\u00a0\u00a0\u00a0\u00a0\u00a0\u00a0\u00a0\u00a0\u00a0\u00a0\u00a0\u00a0\u00a0\u00a0\u00a0\u00a0\u00a0\u00a0\u00a0\u00a0\u00a0 astrid et madelyne\u00a0\u00a0\u00a0\u00a0\u00a0\u00a0\u00a0\u00a0\u00a0\u00a0\u00a0\u00a0\u00a0\u00a0\u00a0\u00a0\u00a0\u00a0\u00a0\u00a0\u00a0\u00a0\u00a0 capu et diego\u00a0\u00a0\u00a0\u00a0\u00a0\u00a0\u00a0\u00a0\u00a0\u00a0\u00a0\u00a0\u00a0\u00a0\u00a0\u00a0\u00a0\u00a0\u00a0\u00a0\u00a0\u00a0\u00a0\u00a0\u00a0\u00a0\u00a0\u00a0\u00a0\u00a0\u00a0\u00a0\u00a0\u00a0\u00a0\u00a0\u00a0\u00a0\u00a0\u00a0\u00a0\u00a0\u00a0\u00a0\u00a0\u00a0 chlo\u00e9 et romain elanore et axel\u00a0\u00a0\u00a0\u00a0\u00a0\u00a0\u00a0\u00a0\u00a0\u00a0\u00a0\u00a0\u00a0\u00a0\u00a0\u00a0\u00a0\u00a0\u00a0\u00a0\u00a0\u00a0\u00a0\u00a0\u00a0\u00a0 elea et manon\u00a0\u00a0\u00a0\u00a0\u00a0\u00a0\u00a0\u00a0\u00a0\u00a0\u00a0\u00a0\u00a0\u00a0\u00a0\u00a0\u00a0\u00a0\u00a0\u00a0\u00a0\u00a0\u00a0\u00a0\u00a0\u00a0\u00a0\u00a0\u00a0\u00a0\u00a0\u00a0\u00a0\u00a0\u00a0\u00a0\u00a0\u00a0\u00a0\u00a0\u00a0\u00a0\u00a0\u00a0\u00a0\u00a0\u00a0 gabin et oceane ines et jules\u00a0\u00a0\u00a0\u00a0\u00a0\u00a0\u00a0\u00a0\u00a0\u00a0\u00a0\u00a0\u00a0\u00a0\u00a0\u00a0\u00a0\u00a0\u00a0\u00a0\u00a0\u00a0\u00a0\u00a0\u00a0\u00a0 lilou et nathan\u00a0\u00a0\u00a0\u00a0\u00a0\u00a0\u00a0\u00a0\u00a0\u00a0\u00a0\u00a0\u00a0\u00a0\u00a0\u00a0\u00a0\u00a0\u00a0\u00a0\u00a0\u00a0\u00a0\u00a0\u00a0\u00a0\u00a0\u00a0\u00a0\u00a0\u00a0\u00a0\u00a0\u00a0\u00a0\u00a0\u00a0\u00a0\u00a0\u00a0 madelyne ET JULIETTE maiana et alixe\u00a0\u00a0\u00a0\u00a0\u00a0\u00a0\u00a0\u00a0\u00a0\u00a0\u00a0\u00a0\u00a0\u00a0\u00a0\u00a0\u00a0\u00a0\u00a0\u00a0\u00a0 soltane et laura\u00a0\u00a0\u00a0\u00a0\u00a0\u00a0\u00a0\u00a0\u00a0\u00a0\u00a0\u00a0\u00a0\u00a0\u00a0\u00a0\u00a0\u00a0\u00a0\u00a0\u00a0\u00a0\u00a0\u00a0\u00a0\u00a0\u00a0\u00a0\u00a0\u00a0\u00a0\u00a0\u00a0\u00a0\u00a0\u00a0\u00a0\u00a0\u00a0\u00a0\u00a0\u00a0\u00a0\u00a0\u00a0\u00a0\u00a0\u00a0 Zelie et ethan Ecole&#8230;<\/p>\n<p class=\"read-more\"><a class=\"btn btn-default\" href=\"https:\/\/doubslivreelu.fr\/index.php\/critiques-2016\/\">Lire la suite<span class=\"screen-reader-text\"> Lire la suite<\/span><\/a><\/p>\n","protected":false},"author":1,"featured_media":0,"parent":0,"menu_order":0,"comment_status":"closed","ping_status":"closed","template":"","meta":{"footnotes":""},"folder":[],"class_list":["post-431","page","type-page","status-publish","hentry"],"_links":{"self":[{"href":"https:\/\/doubslivreelu.fr\/index.php\/wp-json\/wp\/v2\/pages\/431","targetHints":{"allow":["GET"]}}],"collection":[{"href":"https:\/\/doubslivreelu.fr\/index.php\/wp-json\/wp\/v2\/pages"}],"about":[{"href":"https:\/\/doubslivreelu.fr\/index.php\/wp-json\/wp\/v2\/types\/page"}],"author":[{"embeddable":true,"href":"https:\/\/doubslivreelu.fr\/index.php\/wp-json\/wp\/v2\/users\/1"}],"replies":[{"embeddable":true,"href":"https:\/\/doubslivreelu.fr\/index.php\/wp-json\/wp\/v2\/comments?post=431"}],"version-history":[{"count":1,"href":"https:\/\/doubslivreelu.fr\/index.php\/wp-json\/wp\/v2\/pages\/431\/revisions"}],"predecessor-version":[{"id":2865,"href":"https:\/\/doubslivreelu.fr\/index.php\/wp-json\/wp\/v2\/pages\/431\/revisions\/2865"}],"wp:attachment":[{"href":"https:\/\/doubslivreelu.fr\/index.php\/wp-json\/wp\/v2\/media?parent=431"}],"wp:term":[{"taxonomy":"folder","embeddable":true,"href":"https:\/\/doubslivreelu.fr\/index.php\/wp-json\/wp\/v2\/folder?post=431"}],"curies":[{"name":"wp","href":"https:\/\/api.w.org\/{rel}","templated":true}]}}