{"id":3148,"date":"2025-10-08T17:32:14","date_gmt":"2025-10-08T15:32:14","guid":{"rendered":"https:\/\/doubslivreelu.fr\/?page_id=3148"},"modified":"2025-10-08T17:32:14","modified_gmt":"2025-10-08T15:32:14","slug":"fiches-pedagogiques-2021-2022","status":"publish","type":"page","link":"https:\/\/doubslivreelu.fr\/index.php\/fiches-pedagogiques-2021-2022\/","title":{"rendered":"Fiches p\u00e9dagogiques 2021-2022"},"content":{"rendered":"\n<p><a href=\"https:\/\/drive.google.com\/drive\/folders\/1ZhR06O2el1ZP5MBp9XA-roPSVKJadpDV\" target=\"_blank\" rel=\"noreferrer noopener\"><strong>Liste 1<\/strong><\/a> : toutes les fiches p\u00e9dagogiques de la liste 1<\/p>\n\n\n\n<p><a href=\"https:\/\/drive.google.com\/drive\/folders\/1F-Onw3KRmsX5uYerTwrGKT_FhQ7vkQD2?usp=drive_link\" target=\"_blank\" rel=\"noreferrer noopener\"><strong>Liste <\/strong>2<\/a> : toutes les fiches p\u00e9dagogiques de la liste 2<\/p>\n\n\n\n<p><a href=\"https:\/\/drive.google.com\/drive\/folders\/1PpST7838fKywb452iLsogBpaZWEBBQr-?usp=sharing\" target=\"_blank\" rel=\"noreferrer noopener\"><strong>Liste <\/strong>3<\/a> : toutes les fiches p\u00e9dagogiques de la liste 3<\/p>\n\n\n\n<p><a href=\"https:\/\/drive.google.com\/drive\/folders\/1XBucEQWvkJhGcf28lE7C362F8FhvMX6U?usp=sharing\" target=\"_blank\" rel=\"noreferrer noopener\"><strong>Liste <\/strong>4<\/a> : toutes les fiches p\u00e9dagogiques de la liste 4<\/p>\n\n\n\n<p><\/p>\n","protected":false},"excerpt":{"rendered":"<p>Liste 1 : toutes les fiches p\u00e9dagogiques de la liste 1 Liste 2 : toutes les fiches p\u00e9dagogiques de la liste 2 Liste 3 : toutes les fiches p\u00e9dagogiques de la liste 3 Liste 4 : toutes les fiches p\u00e9dagogiques de la liste 4<\/p>\n","protected":false},"author":1,"featured_media":0,"parent":0,"menu_order":0,"comment_status":"closed","ping_status":"closed","template":"","meta":{"footnotes":""},"folder":[],"class_list":["post-3148","page","type-page","status-publish","hentry"],"_links":{"self":[{"href":"https:\/\/doubslivreelu.fr\/index.php\/wp-json\/wp\/v2\/pages\/3148","targetHints":{"allow":["GET"]}}],"collection":[{"href":"https:\/\/doubslivreelu.fr\/index.php\/wp-json\/wp\/v2\/pages"}],"about":[{"href":"https:\/\/doubslivreelu.fr\/index.php\/wp-json\/wp\/v2\/types\/page"}],"author":[{"embeddable":true,"href":"https:\/\/doubslivreelu.fr\/index.php\/wp-json\/wp\/v2\/users\/1"}],"replies":[{"embeddable":true,"href":"https:\/\/doubslivreelu.fr\/index.php\/wp-json\/wp\/v2\/comments?post=3148"}],"version-history":[{"count":5,"href":"https:\/\/doubslivreelu.fr\/index.php\/wp-json\/wp\/v2\/pages\/3148\/revisions"}],"predecessor-version":[{"id":3153,"href":"https:\/\/doubslivreelu.fr\/index.php\/wp-json\/wp\/v2\/pages\/3148\/revisions\/3153"}],"wp:attachment":[{"href":"https:\/\/doubslivreelu.fr\/index.php\/wp-json\/wp\/v2\/media?parent=3148"}],"wp:term":[{"taxonomy":"folder","embeddable":true,"href":"https:\/\/doubslivreelu.fr\/index.php\/wp-json\/wp\/v2\/folder?post=3148"}],"curies":[{"name":"wp","href":"https:\/\/api.w.org\/{rel}","templated":true}]}}