{"id":3112,"date":"2025-09-19T15:03:28","date_gmt":"2025-09-19T13:03:28","guid":{"rendered":"https:\/\/doubslivreelu.fr\/?page_id=3112"},"modified":"2025-09-22T15:39:09","modified_gmt":"2025-09-22T13:39:09","slug":"listes-2025-2026","status":"publish","type":"page","link":"https:\/\/doubslivreelu.fr\/index.php\/listes-2025-2026\/","title":{"rendered":"Listes 2025-2026"},"content":{"rendered":"\n<p>Voici les listes pour la trenti\u00e8me \u00e9dition du Livre \u00e9lu. Les listes sont pr\u00e9sent\u00e9es diff\u00e9remment : une premi\u00e8re partie propose des livres r\u00e9cents, une deuxi\u00e8me partie propose des livres ayant figur\u00e9 sur les listes au cours des trente ans d\u2019existence du Livre \u00e9lu.<\/p>\n\n\n\n<p>Vous pouvez t\u00e9l\u00e9charger <a href=\"http:\/\/doubslivreelu.fr\/wp-content\/uploads\/2025\/09\/LISTES-1-a-6-2025-26-def-1.pdf\" target=\"_blank\" rel=\"noreferrer noopener\">les listes d\u00e9finitives ici<\/a><\/p>\n","protected":false},"excerpt":{"rendered":"<p>Voici les listes pour la trenti\u00e8me \u00e9dition du Livre \u00e9lu. Les listes sont pr\u00e9sent\u00e9es diff\u00e9remment : une premi\u00e8re partie propose des livres r\u00e9cents, une deuxi\u00e8me partie propose des livres ayant figur\u00e9 sur les listes au cours des trente ans d\u2019existence du Livre \u00e9lu. Vous pouvez t\u00e9l\u00e9charger les listes d\u00e9finitives ici<\/p>\n","protected":false},"author":1,"featured_media":0,"parent":0,"menu_order":0,"comment_status":"closed","ping_status":"closed","template":"","meta":{"footnotes":""},"folder":[],"class_list":["post-3112","page","type-page","status-publish","hentry"],"_links":{"self":[{"href":"https:\/\/doubslivreelu.fr\/index.php\/wp-json\/wp\/v2\/pages\/3112","targetHints":{"allow":["GET"]}}],"collection":[{"href":"https:\/\/doubslivreelu.fr\/index.php\/wp-json\/wp\/v2\/pages"}],"about":[{"href":"https:\/\/doubslivreelu.fr\/index.php\/wp-json\/wp\/v2\/types\/page"}],"author":[{"embeddable":true,"href":"https:\/\/doubslivreelu.fr\/index.php\/wp-json\/wp\/v2\/users\/1"}],"replies":[{"embeddable":true,"href":"https:\/\/doubslivreelu.fr\/index.php\/wp-json\/wp\/v2\/comments?post=3112"}],"version-history":[{"count":4,"href":"https:\/\/doubslivreelu.fr\/index.php\/wp-json\/wp\/v2\/pages\/3112\/revisions"}],"predecessor-version":[{"id":3127,"href":"https:\/\/doubslivreelu.fr\/index.php\/wp-json\/wp\/v2\/pages\/3112\/revisions\/3127"}],"wp:attachment":[{"href":"https:\/\/doubslivreelu.fr\/index.php\/wp-json\/wp\/v2\/media?parent=3112"}],"wp:term":[{"taxonomy":"folder","embeddable":true,"href":"https:\/\/doubslivreelu.fr\/index.php\/wp-json\/wp\/v2\/folder?post=3112"}],"curies":[{"name":"wp","href":"https:\/\/api.w.org\/{rel}","templated":true}]}}