{"id":2643,"date":"2014-10-04T13:37:11","date_gmt":"2014-10-04T13:37:11","guid":{"rendered":"http:\/\/lewebpedagogique.com\/doubslivreelu\/?page_id=2"},"modified":"2014-10-04T13:37:11","modified_gmt":"2014-10-04T13:37:11","slug":"page-d-exemple-2","status":"publish","type":"page","link":"https:\/\/doubslivreelu.fr\/index.php\/page-d-exemple-2\/","title":{"rendered":"Livre \u00e9lu 2014 &#8211; 2015"},"content":{"rendered":"<p>&nbsp;<\/p>\n<p><strong>Pr\u00e9sentation du projet 2014 &#8211; 2015<\/strong> : <a href=\"http:\/\/lewebpedagogique.com\/doubslivreelu\/files\/2014\/10\/le_livre_elu_edition_2015.pdf\">le livre \u00e9lu \u00e9dition 2015<\/a><\/p>\n<p><strong>Listes de livres<\/strong> : <a href=\"http:\/\/lewebpedagogique.com\/doubslivreelu\/files\/2014\/10\/selection_des_listes_des_livres_du_projet_livre_elu_edition_2014-2015.pdf\">listes des livres 2014-2015<\/a><\/p>\n<p><strong>Formulaires d&rsquo;inscription :<\/strong><\/p>\n<p><a href=\"http:\/\/lewebpedagogique.com\/doubslivreelu\/files\/2014\/10\/livre_elu_2015_formulaire_inscription_ecole_demande_aide_achat_livres.doc\">Inscription \u00e9cole et demande aide achat livres<\/a><\/p>\n<p><a href=\"http:\/\/lewebpedagogique.com\/doubslivreelu\/files\/2014\/10\/livre_elu_2015_formulaire_inscription_colleges_et_lycees.doc\">Inscription coll\u00e8ges et lyc\u00e9es<\/a><\/p>\n<p><strong>Infos 2 et 3 :<\/strong><\/p>\n<div class=\"entry-content\">\n<p><a href=\"http:\/\/lewebpedagogique.com\/doubslivreelu\/files\/2015\/05\/INFO-2-2015-fiche-o%C3%B9-en-%C3%AAtes-vous.doc\">INFO 2-2015 fiche o\u00f9 en \u00eates-vous<\/a><\/p>\n<p><a href=\"http:\/\/lewebpedagogique.com\/doubslivreelu\/files\/2015\/05\/Info-3-besan%C3%A7on-2015.pdf\">Info 3 besan\u00e7on- 2015<\/a><\/p>\n<p><strong>Elections (mode d&#8217;emploi)<\/strong><\/p>\n<p><a href=\"http:\/\/lewebpedagogique.com\/doubslivreelu\/files\/2015\/05\/%C3%A9lections-livre-%C3%A9lu-2015.pdf\">Elections livre \u00e9lu 2015<\/a><\/p>\n<\/div>\n<p>&nbsp;<\/p>\n<ul>\n<li><strong>Liste 1 (tps, ps, ms, gs)<\/strong><\/li>\n<\/ul>\n<p><a href=\"http:\/\/lewebpedagogique.com\/doubslivreelu\/files\/2014\/10\/Liste-1-avec-liens-sites-internet.doc\">Liste 1 avec liens sites internet<\/a><\/p>\n<p>Fiches p\u00e9dagogiques Sylvie Meyer : <a href=\"http:\/\/lewebpedagogique.com\/doubslivreelu\/files\/2014\/10\/Liste-1-Boris.pdf\" target=\"_blank\" rel=\"noopener\">Liste 1 Boris<\/a> &#8211; <a href=\"http:\/\/lewebpedagogique.com\/doubslivreelu\/files\/2014\/10\/Liste-1-Dans-lensemble.pdf\" target=\"_blank\" rel=\"noopener\">Liste 1 Dans l&rsquo;ensemble<\/a><\/p>\n<p><a href=\"http:\/\/lewebpedagogique.com\/doubslivreelu\/files\/2014\/10\/Liste-1-Ici-cest-chez-moi.pdf\" target=\"_blank\" rel=\"noopener\">Liste 1 Ici, c&rsquo;est chez moi<\/a> &#8211; <a href=\"http:\/\/lewebpedagogique.com\/doubslivreelu\/files\/2014\/10\/Liste-1-Le-gros-go\u00fbter.pdf\" target=\"_blank\" rel=\"noopener\">Liste 1 Le gros go\u00fbter<\/a><\/p>\n<p><a href=\"http:\/\/lewebpedagogique.com\/doubslivreelu\/files\/2014\/10\/Liste-1-Mon-papa-est-comme-ci.pdf\" target=\"_blank\" rel=\"noopener\">Liste 1 Mon papa est comme ci<\/a> &#8211; <a href=\"http:\/\/lewebpedagogique.com\/doubslivreelu\/files\/2014\/10\/Liste-1-Petite-taupe.pdf\" target=\"_blank\" rel=\"noopener\">Liste 1 Petite taupe<\/a><\/p>\n<ul>\n<li><strong>Liste 2 (cp, ce1)<\/strong><\/li>\n<\/ul>\n<p><a href=\"http:\/\/lewebpedagogique.com\/doubslivreelu\/files\/2014\/10\/Liste-2-avec-liens-sites-internet.doc\">Liste 2 avec liens sites internet<\/a><\/p>\n<p>Fiches p\u00e9dagogiques Sylvie Meyer : <a href=\"http:\/\/lewebpedagogique.com\/doubslivreelu\/files\/2014\/10\/Liste-2-Blaise-et-le-ch\u00e2teau.pdf\" target=\"_blank\" rel=\"noopener\">Liste 2 Blaise et le ch\u00e2teau<\/a> &#8211; <a href=\"http:\/\/lewebpedagogique.com\/doubslivreelu\/files\/2014\/10\/Liste-2-Histoires-sans-fin.pdf\" target=\"_blank\" rel=\"noopener\">Liste 2 Histoires sans fin<\/a><\/p>\n<p><a href=\"http:\/\/lewebpedagogique.com\/doubslivreelu\/files\/2014\/10\/Liste-2-Il-\u00e9tait-plusieurs-fois-une-for\u00eat.pdf\" target=\"_blank\" rel=\"noopener\">Liste 2 Il \u00e9tait plusieurs fois une for\u00eat<\/a> &#8211; <a href=\"http:\/\/lewebpedagogique.com\/doubslivreelu\/files\/2014\/10\/Liste-2-Sans-le-A.pdf\" target=\"_blank\" rel=\"noopener\">Liste 2 Sans le A<\/a><\/p>\n<ul>\n<li><strong>Liste 3 (ce2-cm1)<\/strong><\/li>\n<\/ul>\n<p><a href=\"http:\/\/lewebpedagogique.com\/doubslivreelu\/files\/2015\/03\/Liste-3-avec-liens-sites-internet-31.doc\">Liste 3 avec liens sites internet<\/a><\/p>\n<p>Fiches p\u00e9dagogiques Sandy Morel et Corinne Tissier : <a href=\"http:\/\/lewebpedagogique.com\/doubslivreelu\/files\/2014\/10\/3-le-zut\u00e9crotte.doc\">3- le zut\u00e9crotte<\/a>\u00a0 &#8211; <a href=\"http:\/\/lewebpedagogique.com\/doubslivreelu\/files\/2014\/10\/3-Les-dragons-de-Nalsara.doc\">3- Les dragons de Nalsara<\/a>\u00a0 &#8211; <a href=\"http:\/\/lewebpedagogique.com\/doubslivreelu\/files\/2014\/10\/3-Berthus-agent-secret.doc\">3- Berthus agent secret<\/a>\u00a0 &#8211; <a href=\"http:\/\/lewebpedagogique.com\/doubslivreelu\/files\/2014\/10\/3-A-mots-crois\u00e9s.doc\">3- A mots crois\u00e9s<\/a>\u00a0 &#8211; <a href=\"http:\/\/lewebpedagogique.com\/doubslivreelu\/files\/2014\/10\/3-le-secret-le-plus-fort-du-monde.doc\">3- le secret le plus fort du monde<\/a>\u00a0 &#8211; <a href=\"http:\/\/lewebpedagogique.com\/doubslivreelu\/files\/2014\/10\/3-Lettres-\u00e0-pattes-et-\u00e0-poils-et-\u00e0-p\u00e9tales.doc\">3- Lettres \u00e0 pattes et \u00e0 poils et \u00e0 p\u00e9tales<\/a><\/p>\n<p>Production sur<em> L&rsquo;ennemi<\/em> cm2 Rivotte 2014 : <a href=\"http:\/\/lewebpedagogique.com\/doubslivreelu\/files\/2014\/10\/3-lennemi-prodution-cm2-rivotte-2014.doc\">3- L&rsquo;ennemi <\/a><\/p>\n<ul>\n<li><strong>Liste 4 (cm2-6\u00e8me)<\/strong><\/li>\n<\/ul>\n<p><strong><a href=\"http:\/\/lewebpedagogique.com\/doubslivreelu\/files\/2014\/12\/Liste-4-avec-liens-sites-internet.doc\">Liste-4-avec-liens-sites-internet<\/a><\/strong><\/p>\n<p>Fiches p\u00e9dagogiques Sandy Morel et Corinne Tissier :\u00a0<a href=\"http:\/\/lewebpedagogique.com\/doubslivreelu\/files\/2014\/10\/4-Monsieur-Kipu.doc\">4- Monsieur Kipu<\/a> &#8211;\u00a0<a href=\"http:\/\/lewebpedagogique.com\/doubslivreelu\/files\/2014\/10\/4-Harold-et-les-dragons.doc\">4- Harold et les dragons<\/a> &#8211;\u00a0<a href=\"http:\/\/lewebpedagogique.com\/doubslivreelu\/files\/2014\/10\/4-Fablehaven.doc\">4- Fablehaven<\/a> &#8211;\u00a0<a href=\"http:\/\/lewebpedagogique.com\/doubslivreelu\/files\/2014\/10\/4-Banza\u00ef-Sakura.doc\">4- Banza\u00ef Sakura<\/a> &#8211;\u00a0<a href=\"http:\/\/lewebpedagogique.com\/doubslivreelu\/files\/2014\/10\/4-Coeur-cerise.doc\">4- Coeur cerise<\/a> &#8211;\u00a0<a href=\"http:\/\/lewebpedagogique.com\/doubslivreelu\/files\/2014\/10\/4-bob-le-rat\u00e9-critiques.doc\">4- bob le rat\u00e9 critiques<\/a> &#8211;\u00a0<a href=\"http:\/\/lewebpedagogique.com\/doubslivreelu\/files\/2014\/10\/4-Oliver-et-les-\u00eeles-vagabondes.doc\">4- Oliver et les \u00eeles vagabondes<\/a> &#8211;\u00a0<a href=\"http:\/\/lewebpedagogique.com\/doubslivreelu\/files\/2014\/10\/4-Les-carnets-de-Cerise-Tome-1.doc\">4- Les carnets de Cerise Tome 1<\/a> &#8211;\u00a0<a href=\"http:\/\/lewebpedagogique.com\/doubslivreelu\/files\/2014\/10\/4-Roby-ne-pleure-jamais.doc\">4- Roby ne pleure jamais<\/a> &#8211;\u00a0<a href=\"http:\/\/lewebpedagogique.com\/doubslivreelu\/files\/2014\/10\/4-Contes-en-ha\u00efkus.doc\">4- Contes en ha\u00efku<\/a><\/p>\n","protected":false},"excerpt":{"rendered":"<p>&nbsp; Pr\u00e9sentation du projet 2014 &#8211; 2015 : le livre \u00e9lu \u00e9dition 2015 Listes de livres : listes des livres 2014-2015 Formulaires d&rsquo;inscription : Inscription \u00e9cole et demande aide achat livres Inscription coll\u00e8ges et lyc\u00e9es Infos 2 et 3 : INFO 2-2015 fiche o\u00f9 en \u00eates-vous Info 3 besan\u00e7on- 2015 Elections (mode d&#8217;emploi) Elections livre \u00e9lu 2015 &nbsp; Liste 1 (tps, ps, ms, gs) Liste 1 avec liens sites internet Fiches p\u00e9dagogiques Sylvie Meyer : Liste 1 Boris &#8211; Liste&#8230;<\/p>\n<p class=\"read-more\"><a class=\"btn btn-default\" href=\"https:\/\/doubslivreelu.fr\/index.php\/page-d-exemple-2\/\">Lire la suite<span class=\"screen-reader-text\"> Lire la suite<\/span><\/a><\/p>\n","protected":false},"author":1,"featured_media":0,"parent":0,"menu_order":0,"comment_status":"open","ping_status":"open","template":"","meta":{"footnotes":""},"folder":[],"class_list":["post-2643","page","type-page","status-publish","hentry"],"_links":{"self":[{"href":"https:\/\/doubslivreelu.fr\/index.php\/wp-json\/wp\/v2\/pages\/2643","targetHints":{"allow":["GET"]}}],"collection":[{"href":"https:\/\/doubslivreelu.fr\/index.php\/wp-json\/wp\/v2\/pages"}],"about":[{"href":"https:\/\/doubslivreelu.fr\/index.php\/wp-json\/wp\/v2\/types\/page"}],"author":[{"embeddable":true,"href":"https:\/\/doubslivreelu.fr\/index.php\/wp-json\/wp\/v2\/users\/1"}],"replies":[{"embeddable":true,"href":"https:\/\/doubslivreelu.fr\/index.php\/wp-json\/wp\/v2\/comments?post=2643"}],"version-history":[{"count":0,"href":"https:\/\/doubslivreelu.fr\/index.php\/wp-json\/wp\/v2\/pages\/2643\/revisions"}],"wp:attachment":[{"href":"https:\/\/doubslivreelu.fr\/index.php\/wp-json\/wp\/v2\/media?parent=2643"}],"wp:term":[{"taxonomy":"folder","embeddable":true,"href":"https:\/\/doubslivreelu.fr\/index.php\/wp-json\/wp\/v2\/folder?post=2643"}],"curies":[{"name":"wp","href":"https:\/\/api.w.org\/{rel}","templated":true}]}}