{"id":2305,"date":"2022-11-05T09:58:50","date_gmt":"2022-11-05T08:58:50","guid":{"rendered":"https:\/\/lewebpedagogique.com\/doubslivreelu\/?page_id=2305"},"modified":"2024-07-05T17:07:02","modified_gmt":"2024-07-05T15:07:02","slug":"pistes-pedagogiques-2022-2023","status":"publish","type":"page","link":"https:\/\/doubslivreelu.fr\/index.php\/pistes-pedagogiques-2022-2023\/","title":{"rendered":"Pistes p\u00e9dagogiques 2022-2023"},"content":{"rendered":"\n<p class=\"has-medium-font-size\"><strong>Liste 1<\/strong> (PS-MS-GS)<\/p>\n\n\n\n<ul class=\"wp-block-list\">\n<li><a href=\"http:\/\/doubslivreelu.fr\/wp-content\/uploads\/2022\/11\/1-23-Croc-colere.pdf\" data-type=\"URL\" data-id=\"http:\/\/lewebpedagogique.com\/doubslivreelu\/files\/2022\/11\/1-23-Croc-colere.pdf\" target=\"_blank\" rel=\"noreferrer noopener\">Croc col\u00e8re<\/a><\/li>\n\n\n\n<li><a href=\"http:\/\/doubslivreelu.fr\/wp-content\/uploads\/2022\/11\/1-23-Dans-ma-poche.pdf\" data-type=\"URL\" data-id=\"http:\/\/lewebpedagogique.com\/doubslivreelu\/files\/2022\/11\/1-23-Dans-ma-poche.pdf\" target=\"_blank\" rel=\"noreferrer noopener\">Dans ma poche<\/a><\/li>\n\n\n\n<li><a href=\"http:\/\/doubslivreelu.fr\/wp-content\/uploads\/2022\/11\/1-23-Des-trucs-comme-ci-des-trucs-comme-ca.pdf\" data-type=\"URL\" target=\"_blank\" rel=\"noreferrer noopener\">Des trucs comme ci, des trucs comme \u00e7a<\/a><\/li>\n\n\n\n<li><a href=\"http:\/\/doubslivreelu.fr\/wp-content\/uploads\/2022\/11\/1-23-Houbi.pdf\" data-type=\"URL\" data-id=\"http:\/\/lewebpedagogique.com\/doubslivreelu\/files\/2022\/11\/1-23-Houbi.pdf\" target=\"_blank\" rel=\"noreferrer noopener\">Houbi<\/a><\/li>\n\n\n\n<li><a href=\"http:\/\/doubslivreelu.fr\/wp-content\/uploads\/2022\/11\/1-23-letonnante-histoire-de-la-fleur-.pdf\" data-type=\"URL\" data-id=\"http:\/\/lewebpedagogique.com\/doubslivreelu\/files\/2022\/11\/1-23-letonnante-histoire-de-la-fleur-.pdf\" target=\"_blank\" rel=\"noreferrer noopener\">L&rsquo;\u00e9tonnante histoire de la fleur qui ne voulait pas fleurir<\/a><\/li>\n\n\n\n<li><a href=\"http:\/\/doubslivreelu.fr\/wp-content\/uploads\/2022\/11\/1-23-le-voleur-de-poule.pdf\" data-type=\"URL\" data-id=\"http:\/\/lewebpedagogique.com\/doubslivreelu\/files\/2022\/11\/1-23-le-voleur-de-poule.pdf\" target=\"_blank\" rel=\"noreferrer noopener\">Le voleur de poule<\/a><\/li>\n\n\n\n<li><a href=\"http:\/\/doubslivreelu.fr\/wp-content\/uploads\/2022\/11\/1-23-Logre-Babborco.pdf\" data-type=\"URL\" data-id=\"http:\/\/lewebpedagogique.com\/doubslivreelu\/files\/2022\/11\/1-23-Logre-Babborco.pdf\" target=\"_blank\" rel=\"noreferrer noopener\">L&rsquo;ogre Babborco<\/a><\/li>\n\n\n\n<li><a href=\"http:\/\/doubslivreelu.fr\/wp-content\/uploads\/2022\/11\/1-23-Mes-mains.pdf\" data-type=\"URL\" data-id=\"http:\/\/lewebpedagogique.com\/doubslivreelu\/files\/2022\/11\/1-23-Mes-mains.pdf\" target=\"_blank\" rel=\"noreferrer noopener\">Mes mains<\/a><\/li>\n\n\n\n<li><a href=\"http:\/\/doubslivreelu.fr\/wp-content\/uploads\/2022\/11\/1-23-Poussez-vous-je-passe.pdf\" data-type=\"URL\" data-id=\"http:\/\/lewebpedagogique.com\/doubslivreelu\/files\/2022\/11\/1-23-Poussez-vous-je-passe.pdf\" target=\"_blank\" rel=\"noreferrer noopener\">Poussez-vous je passe !<\/a><\/li>\n\n\n\n<li><a href=\"http:\/\/doubslivreelu.fr\/wp-content\/uploads\/2022\/11\/1-23-Rouli-Roulette.pdf\" data-type=\"URL\" data-id=\"http:\/\/lewebpedagogique.com\/doubslivreelu\/files\/2022\/11\/1-23-Rouli-Roulette.pdf\" target=\"_blank\" rel=\"noreferrer noopener\">Rouli rouli roulette<\/a><\/li>\n\n\n\n<li><a href=\"http:\/\/doubslivreelu.fr\/wp-content\/uploads\/2022\/11\/1-23-Tu-fais-quoi.pdf\" data-type=\"URL\" data-id=\"http:\/\/lewebpedagogique.com\/doubslivreelu\/files\/2022\/11\/1-23-Tu-fais-quoi.pdf\" target=\"_blank\" rel=\"noreferrer noopener\">Tu fais quoi ?<\/a><\/li>\n\n\n\n<li><a href=\"http:\/\/doubslivreelu.fr\/wp-content\/uploads\/2022\/11\/1-23-Ten-in-the-bed.pdf\" data-type=\"URL\" data-id=\"http:\/\/lewebpedagogique.com\/doubslivreelu\/files\/2022\/11\/1-23-Ten-in-the-bed.pdf\" target=\"_blank\" rel=\"noreferrer noopener\">Ten in the bed<\/a><\/li>\n<\/ul>\n\n\n\n<p><strong>Liste 2<\/strong> (CP-CE1)<\/p>\n\n\n\n<ul class=\"wp-block-list\">\n<li><a href=\"http:\/\/doubslivreelu.fr\/wp-content\/uploads\/2022\/11\/2-23-La-vengeance-de-Cacahuete.pdf\" data-type=\"URL\" data-id=\"http:\/\/lewebpedagogique.com\/doubslivreelu\/files\/2022\/11\/2-23-La-vengeance-de-Cacahuete.pdf\" target=\"_blank\" rel=\"noreferrer noopener\">Cacahu\u00e8te T1 : la vengeance de Cacahu\u00e8te<\/a><\/li>\n\n\n\n<li><a href=\"http:\/\/doubslivreelu.fr\/wp-content\/uploads\/2022\/11\/2-23-Dis-cest-quoi-le-bonheur.pdf\" data-type=\"URL\" data-id=\"http:\/\/lewebpedagogique.com\/doubslivreelu\/files\/2022\/11\/2-23-Dis-cest-quoi-le-bonheur.pdf\" target=\"_blank\" rel=\"noreferrer noopener\">Dis, c&rsquo;est quoi le bonheur ?<\/a><\/li>\n\n\n\n<li><a href=\"http:\/\/doubslivreelu.fr\/wp-content\/uploads\/2022\/11\/2-23-La-petite-fille-qui-avait-peur-de-tout.pdf\" data-type=\"URL\" data-id=\"http:\/\/lewebpedagogique.com\/doubslivreelu\/files\/2022\/11\/2-23-La-petite-fille-qui-avait-peur-de-tout.pdf\" target=\"_blank\" rel=\"noreferrer noopener\">La petite fille qui avait peur de tout<\/a><\/li>\n\n\n\n<li><a href=\"http:\/\/doubslivreelu.fr\/wp-content\/uploads\/2022\/11\/2-23-Letrange-abecedaire.pdf\" data-type=\"URL\" data-id=\"http:\/\/lewebpedagogique.com\/doubslivreelu\/files\/2022\/11\/2-23-Letrange-abecedaire.pdf\" target=\"_blank\" rel=\"noreferrer noopener\">L&rsquo;\u00e9trange ab\u00e9c\u00e9daire<\/a><\/li>\n\n\n\n<li><a href=\"http:\/\/doubslivreelu.fr\/wp-content\/uploads\/2022\/11\/2-23-Le-roi-radin.pdf\" data-type=\"URL\" data-id=\"http:\/\/lewebpedagogique.com\/doubslivreelu\/files\/2022\/11\/2-23-Le-roi-radin.pdf\" target=\"_blank\" rel=\"noreferrer noopener\">Le roi radin<\/a><\/li>\n\n\n\n<li><a href=\"http:\/\/doubslivreelu.fr\/wp-content\/uploads\/2022\/11\/2-23-Oscar-et-Albert.pdf\" data-type=\"URL\" data-id=\"http:\/\/lewebpedagogique.com\/doubslivreelu\/files\/2022\/11\/2-23-Oscar-et-Albert.pdf\" target=\"_blank\" rel=\"noreferrer noopener\">Oscar et Albert<\/a><\/li>\n\n\n\n<li><a href=\"http:\/\/doubslivreelu.fr\/wp-content\/uploads\/2022\/11\/2-23-Oscar-et-Carrosse.pdf\" data-type=\"URL\" data-id=\"http:\/\/lewebpedagogique.com\/doubslivreelu\/files\/2022\/11\/2-23-Oscar-et-Carrosse.pdf\" target=\"_blank\" rel=\"noreferrer noopener\">Oscar et Carrosse : la soupe de p\u00e2tes<\/a><\/li>\n\n\n\n<li><a href=\"http:\/\/doubslivreelu.fr\/wp-content\/uploads\/2022\/11\/2-23-Puree-de-cochons.pdf\" data-type=\"URL\" data-id=\"http:\/\/lewebpedagogique.com\/doubslivreelu\/files\/2022\/11\/2-23-Puree-de-cochons.pdf\" target=\"_blank\" rel=\"noreferrer noopener\">Pur\u00e9e de cochons<\/a><\/li>\n\n\n\n<li><a href=\"http:\/\/doubslivreelu.fr\/wp-content\/uploads\/2022\/11\/2-23-Quatre-petits-cochons.pdf\" data-type=\"URL\" data-id=\"http:\/\/lewebpedagogique.com\/doubslivreelu\/files\/2022\/11\/2-23-Quatre-petits-cochons.pdf\" target=\"_blank\" rel=\"noreferrer noopener\">Quatre petits cochons, un lapin, une vache, un castor et &#8230; loup<\/a><\/li>\n\n\n\n<li>Quel cafouillage !<\/li>\n\n\n\n<li>Tibili, le petit gar\u00e7on qui ne voulait pas aller \u00e0 l&rsquo;\u00e9cole<\/li>\n\n\n\n<li><a href=\"http:\/\/doubslivreelu.fr\/wp-content\/uploads\/2022\/11\/2-23-Tombee-du-ciel.pdf\" data-type=\"URL\" data-id=\"http:\/\/lewebpedagogique.com\/doubslivreelu\/files\/2022\/11\/2-23-Tombee-du-ciel.pdf\" target=\"_blank\" rel=\"noreferrer noopener\">Tomb\u00e9e du ciel<\/a><\/li>\n\n\n\n<li>Look, it&rsquo;s Roar Roar Lion<\/li>\n<\/ul>\n\n\n\n<p><strong>Liste 3 <\/strong>(CE2-CM1)<\/p>\n\n\n\n<ul class=\"wp-block-list\">\n<li><a href=\"http:\/\/doubslivreelu.fr\/wp-content\/uploads\/2022\/11\/Amour-imperatif-et-pistolet-.pdf\" data-type=\"URL\" data-id=\"http:\/\/lewebpedagogique.com\/doubslivreelu\/files\/2022\/11\/Amour-imperatif-et-pistolet-.pdf\" target=\"_blank\" rel=\"noreferrer noopener\">Amour, imp\u00e9ratif et pistolet<\/a><\/li>\n\n\n\n<li><a href=\"http:\/\/doubslivreelu.fr\/wp-content\/uploads\/2022\/11\/Attends-Miyuki.pdf\" data-type=\"URL\" data-id=\"http:\/\/lewebpedagogique.com\/doubslivreelu\/files\/2022\/11\/Attends-Miyuki.pdf\" target=\"_blank\" rel=\"noreferrer noopener\">Attends Miyuki<\/a><\/li>\n\n\n\n<li><a href=\"http:\/\/doubslivreelu.fr\/wp-content\/uploads\/2022\/11\/3-23-Billy-et-les-Minuscules.pdf\" data-type=\"URL\" data-id=\"http:\/\/lewebpedagogique.com\/doubslivreelu\/files\/2022\/11\/3-23-Billy-et-les-Minuscules.pdf\" target=\"_blank\" rel=\"noreferrer noopener\">Billy et les minuscules<\/a><\/li>\n\n\n\n<li>Chihuahua 1 &#8211; Une rentr\u00e9e presque normale<\/li>\n\n\n\n<li>H.E.N.R.I, le gar\u00e7on qui venait d\u2019ailleurs<\/li>\n\n\n\n<li><a href=\"http:\/\/doubslivreelu.fr\/wp-content\/uploads\/2022\/11\/Lepee-magique.pdf\" data-type=\"URL\" data-id=\"http:\/\/lewebpedagogique.com\/doubslivreelu\/files\/2022\/11\/Lepee-magique.pdf\" target=\"_blank\" rel=\"noreferrer noopener\">K\u00e9o et l&rsquo;\u00e9p\u00e9e magique 1 &#8211; L&rsquo;arm\u00e9e des orcs<\/a><\/li>\n\n\n\n<li><a href=\"http:\/\/doubslivreelu.fr\/wp-content\/uploads\/2022\/11\/La-perle.pdf\" data-type=\"URL\" data-id=\"http:\/\/lewebpedagogique.com\/doubslivreelu\/files\/2022\/11\/La-perle.pdf\" target=\"_blank\" rel=\"noreferrer noopener\">La perle<\/a><\/li>\n\n\n\n<li>La carotte, la brute et le truand<\/li>\n\n\n\n<li><a href=\"http:\/\/doubslivreelu.fr\/wp-content\/uploads\/2022\/11\/Le-club-de-la-pluie-et-la-maison-qui-chuchote.pdf\" data-type=\"URL\" data-id=\"http:\/\/lewebpedagogique.com\/doubslivreelu\/files\/2022\/11\/Le-club-de-la-pluie-et-la-maison-qui-chuchote.pdf\" target=\"_blank\" rel=\"noreferrer noopener\">Le club de la pluie et la maison qui chuchote<\/a><\/li>\n\n\n\n<li><a href=\"http:\/\/doubslivreelu.fr\/wp-content\/uploads\/2022\/11\/La-grande-affaire-des-noisettes.pdf\" data-type=\"URL\" data-id=\"http:\/\/lewebpedagogique.com\/doubslivreelu\/files\/2022\/11\/La-grande-affaire-des-noisettes.pdf\" target=\"_blank\" rel=\"noreferrer noopener\">La grande affaire des noisettes<\/a><\/li>\n\n\n\n<li><a href=\"http:\/\/doubslivreelu.fr\/wp-content\/uploads\/2022\/11\/Martine-ne-sait-rien-faire.pdf\" data-type=\"URL\" data-id=\"http:\/\/lewebpedagogique.com\/doubslivreelu\/files\/2022\/11\/Martine-ne-sait-rien-faire.pdf\" target=\"_blank\" rel=\"noreferrer noopener\">Martine ne sait rien faire<\/a><\/li>\n\n\n\n<li><a href=\"http:\/\/doubslivreelu.fr\/wp-content\/uploads\/2022\/11\/Ma-mere-secrit-avec-une-petite-etoile.pdf\" data-type=\"URL\" data-id=\"http:\/\/lewebpedagogique.com\/doubslivreelu\/files\/2022\/11\/Ma-mere-secrit-avec-une-petite-etoile.pdf\" target=\"_blank\" rel=\"noreferrer noopener\">Ma m\u00e8re s\u2019\u00e9crit avec une petite \u00e9toile<\/a><\/li>\n\n\n\n<li><a href=\"http:\/\/doubslivreelu.fr\/wp-content\/uploads\/2022\/11\/Nous-les-emotions.pdf\" data-type=\"URL\" data-id=\"http:\/\/lewebpedagogique.com\/doubslivreelu\/files\/2022\/11\/Nous-les-emotions.pdf\" target=\"_blank\" rel=\"noreferrer noopener\">Nous les \u00e9motions<\/a><\/li>\n\n\n\n<li><a href=\"http:\/\/doubslivreelu.fr\/wp-content\/uploads\/2022\/11\/Poules-renards-viperes-albin.pdf\" data-type=\"URL\" data-id=\"http:\/\/lewebpedagogique.com\/doubslivreelu\/files\/2022\/11\/Poules-renards-viperes-albin.pdf\" target=\"_blank\" rel=\"noreferrer noopener\">Poules, renards, vip\u00e8res 1 &#8211; Albin<\/a><\/li>\n\n\n\n<li><a href=\"http:\/\/doubslivreelu.fr\/wp-content\/uploads\/2022\/11\/3-23-Qui-veut-jouer-au-foot-.pdf\" data-type=\"URL\" data-id=\"http:\/\/lewebpedagogique.com\/doubslivreelu\/files\/2022\/11\/3-23-Qui-veut-jouer-au-foot-.pdf\" target=\"_blank\" rel=\"noreferrer noopener\">Qui veut jouer au foot\u00a0?<\/a><\/li>\n\n\n\n<li><a href=\"http:\/\/doubslivreelu.fr\/wp-content\/uploads\/2022\/11\/No-.pdf\" data-type=\"URL\" data-id=\"http:\/\/lewebpedagogique.com\/doubslivreelu\/files\/2022\/11\/No-.pdf\" target=\"_blank\" rel=\"noreferrer noopener\">No<\/a><\/li>\n<\/ul>\n\n\n\n<p><strong>Liste 4 <\/strong>(CM2-6EME)<\/p>\n\n\n\n<ul class=\"wp-block-list\">\n<li><a href=\"http:\/\/doubslivreelu.fr\/wp-content\/uploads\/2022\/11\/April-et-le-dernier-ours.pdf\" data-type=\"URL\" data-id=\"http:\/\/lewebpedagogique.com\/doubslivreelu\/files\/2022\/11\/April-et-le-dernier-ours.pdf\" target=\"_blank\" rel=\"noreferrer noopener\">April et le dernier Ours<\/a><\/li>\n\n\n\n<li>Beurre breton et sucre afghan\u00a0<\/li>\n\n\n\n<li><a href=\"http:\/\/doubslivreelu.fr\/wp-content\/uploads\/2022\/11\/Des-bleus-au-cartable.pdf\" data-type=\"URL\" data-id=\"http:\/\/lewebpedagogique.com\/doubslivreelu\/files\/2022\/11\/Des-bleus-au-cartable.pdf\" target=\"_blank\" rel=\"noreferrer noopener\">Des bleus au cartable<\/a><\/li>\n\n\n\n<li><a href=\"http:\/\/doubslivreelu.fr\/wp-content\/uploads\/2022\/11\/Dix-jours-sans-ecran.pdf\" data-type=\"URL\" data-id=\"http:\/\/lewebpedagogique.com\/doubslivreelu\/files\/2022\/11\/Dix-jours-sans-ecran.pdf\" target=\"_blank\" rel=\"noreferrer noopener\">Dix jours sans \u00e9crans<\/a><\/li>\n\n\n\n<li><a href=\"http:\/\/doubslivreelu.fr\/wp-content\/uploads\/2022\/11\/Dans-les-yeux.pdf\" data-type=\"URL\" data-id=\"http:\/\/lewebpedagogique.com\/doubslivreelu\/files\/2022\/11\/Dans-les-yeux.pdf\" target=\"_blank\" rel=\"noreferrer noopener\">Dans les yeux<\/a><\/li>\n\n\n\n<li><a href=\"http:\/\/doubslivreelu.fr\/wp-content\/uploads\/2022\/11\/4-23-Ippon.pdf\" data-type=\"URL\" data-id=\"http:\/\/lewebpedagogique.com\/doubslivreelu\/files\/2022\/11\/4-23-Ippon.pdf\" target=\"_blank\" rel=\"noreferrer noopener\">Ippon<\/a><\/li>\n\n\n\n<li>Jizo<\/li>\n\n\n\n<li><a href=\"http:\/\/doubslivreelu.fr\/wp-content\/uploads\/2022\/11\/4-23-La-musique-des-ames.pdf\" data-type=\"URL\" data-id=\"http:\/\/lewebpedagogique.com\/doubslivreelu\/files\/2022\/11\/4-23-La-musique-des-ames.pdf\" target=\"_blank\" rel=\"noreferrer noopener\">La musique des \u00e2mes<\/a><\/li>\n\n\n\n<li>La rivi\u00e8re \u00e0 l\u2019envers<\/li>\n\n\n\n<li>Le petit Poucet, c\u2019est moi\u00a0!\u00a0<\/li>\n\n\n\n<li><a href=\"http:\/\/doubslivreelu.fr\/wp-content\/uploads\/2022\/11\/Le-poeme-de-Fernando-.pdf\" target=\"_blank\" rel=\"noreferrer noopener\">Le po\u00e8me de Fernando<\/a><\/li>\n\n\n\n<li><a href=\"http:\/\/doubslivreelu.fr\/wp-content\/uploads\/2022\/11\/Lherboriste-de-Hoteforais.pdf\" data-type=\"URL\" data-id=\"http:\/\/lewebpedagogique.com\/doubslivreelu\/files\/2022\/11\/Lherboriste-de-Hoteforais.pdf\" target=\"_blank\" rel=\"noreferrer noopener\">L\u2019herboriste du hoteforais<\/a><\/li>\n\n\n\n<li><a href=\"http:\/\/doubslivreelu.fr\/wp-content\/uploads\/2022\/11\/LIle-du-crane-fiche-peda-editeur.pdf\" data-type=\"URL\" data-id=\"http:\/\/lewebpedagogique.com\/doubslivreelu\/files\/2022\/11\/LIle-du-crane-fiche-peda-editeur.pdf\" target=\"_blank\" rel=\"noreferrer noopener\">L\u2019ile du cr\u00e2ne<\/a><\/li>\n\n\n\n<li>Ma super cybermaman<\/li>\n\n\n\n<li><a href=\"http:\/\/doubslivreelu.fr\/wp-content\/uploads\/2022\/11\/4-23-Peur-dans-la-neige-.pdf\" data-type=\"URL\" data-id=\"http:\/\/lewebpedagogique.com\/doubslivreelu\/files\/2022\/11\/4-23-Peur-dans-la-neige-.pdf\" target=\"_blank\" rel=\"noreferrer noopener\">Peur dans la neige<\/a><\/li>\n\n\n\n<li>Seconde chance<\/li>\n\n\n\n<li>Maybe<\/li>\n<\/ul>\n\n\n\n<p><strong>Liste 5 <\/strong>(5eme\/4eme)<\/p>\n\n\n\n<ul class=\"wp-block-list\">\n<li>\u00c0 quoi r\u00eavent les \u00e9toiles<\/li>\n\n\n\n<li>Chroniques lunaires <\/li>\n\n\n\n<li>Dans la gueule du diable<\/li>\n\n\n\n<li>Du haut de mon cerisier<\/li>\n\n\n\n<li>Don Juan, une histoire extraordinaire<\/li>\n\n\n\n<li>Elles, T1 la nouvelle(s)<\/li>\n\n\n\n<li>La malinche<\/li>\n\n\n\n<li>La Meute<\/li>\n\n\n\n<li>Le milieu de nous deux<\/li>\n\n\n\n<li>L\u2019\u00e9tranger dans le grenier<\/li>\n\n\n\n<li>Les Mis\u00e9rables\u00a0<\/li>\n\n\n\n<li>Traces<\/li>\n\n\n\n<li>Traqu\u00e9es<\/li>\n\n\n\n<li>Tu reverras ton fr\u00e8re<\/li>\n\n\n\n<li>On nous appelait les mouches<\/li>\n<\/ul>\n\n\n\n<p><strong>Liste 6 <\/strong>(3eme\/seconde)<\/p>\n\n\n\n<ul class=\"wp-block-list\">\n<li><a href=\"http:\/\/doubslivreelu.fr\/wp-content\/uploads\/2023\/01\/A_ni_mal.pdf\" target=\"_blank\" rel=\"noreferrer noopener\">A-ni-mal<\/a><\/li>\n\n\n\n<li><em><a href=\"http:\/\/doubslivreelu.fr\/wp-content\/uploads\/2022\/11\/Bleue.pdf\" target=\"_blank\" rel=\"noreferrer noopener\">#Bleue<\/a><\/em><\/li>\n\n\n\n<li>Combien de pas jusqu\u2019\u00e0 la lune<\/li>\n\n\n\n<li>Elia, la passeuse d\u2019\u00e2mes, T1<\/li>\n\n\n\n<li><a href=\"http:\/\/doubslivreelu.fr\/wp-content\/uploads\/2022\/11\/Et_le_desert_disparaitra.pdf\" target=\"_blank\" rel=\"noreferrer noopener\">Et le d\u00e9sert dispara\u00eetra<\/a><\/li>\n\n\n\n<li>Jesse Owens, le coureur qui d\u00e9fia les nazis<\/li>\n\n\n\n<li>L&rsquo;\u00e2ge tendre<\/li>\n\n\n\n<li>La Capucine<\/li>\n\n\n\n<li><a href=\"http:\/\/doubslivreelu.fr\/wp-content\/uploads\/2022\/11\/LaFermeDesAnimaux_sequence.pdf\" target=\"_blank\" rel=\"noreferrer noopener\">La ferme des animaux<\/a><\/li>\n\n\n\n<li><a href=\"http:\/\/doubslivreelu.fr\/wp-content\/uploads\/2022\/11\/fiche-pedagogique-La-plus-belle-fille-du-monde.pdf\" target=\"_blank\" rel=\"noreferrer noopener\">La plus belle fille du monde<\/a><\/li>\n\n\n\n<li>L\u2019archipel<\/li>\n\n\n\n<li><a href=\"http:\/\/doubslivreelu.fr\/wp-content\/uploads\/2022\/12\/Les-flamboyants.pdf\" target=\"_blank\" rel=\"noreferrer noopener\">Les flamboyants<\/a><\/li>\n\n\n\n<li><a href=\"http:\/\/doubslivreelu.fr\/wp-content\/uploads\/2022\/12\/Miettes.pdf\" target=\"_blank\" rel=\"noreferrer noopener\">Miettes, humour d\u00e9cal\u00e9<\/a><\/li>\n\n\n\n<li>Mission Blackbone : Bloody phone<\/li>\n\n\n\n<li>Mon p\u00e8re des montagnes<\/li>\n\n\n\n<li>New Earth project<\/li>\n\n\n\n<li><a href=\"http:\/\/doubslivreelu.fr\/wp-content\/uploads\/2023\/01\/Noire-la-vie-meconnue-de-Claudette-Colvin-roman.pdf\" target=\"_blank\" rel=\"noreferrer noopener\">Noire, la vie m\u00e9connue de Claudette Colvin <\/a>(fiche sur le roman dont la BD est une adaptation) <\/li>\n\n\n\n<li><a href=\"http:\/\/doubslivreelu.fr\/wp-content\/uploads\/2022\/11\/NRP-Scarlett-et-Novak.pdf\" target=\"_blank\" rel=\"noreferrer noopener\">Scarlett et Novak<\/a><\/li>\n<\/ul>\n","protected":false},"excerpt":{"rendered":"<p>Liste 1 (PS-MS-GS) Liste 2 (CP-CE1) Liste 3 (CE2-CM1) Liste 4 (CM2-6EME) Liste 5 (5eme\/4eme) Liste 6 (3eme\/seconde)<\/p>\n","protected":false},"author":1,"featured_media":0,"parent":0,"menu_order":0,"comment_status":"closed","ping_status":"closed","template":"","meta":{"footnotes":""},"folder":[],"class_list":["post-2305","page","type-page","status-publish","hentry"],"_links":{"self":[{"href":"https:\/\/doubslivreelu.fr\/index.php\/wp-json\/wp\/v2\/pages\/2305","targetHints":{"allow":["GET"]}}],"collection":[{"href":"https:\/\/doubslivreelu.fr\/index.php\/wp-json\/wp\/v2\/pages"}],"about":[{"href":"https:\/\/doubslivreelu.fr\/index.php\/wp-json\/wp\/v2\/types\/page"}],"author":[{"embeddable":true,"href":"https:\/\/doubslivreelu.fr\/index.php\/wp-json\/wp\/v2\/users\/1"}],"replies":[{"embeddable":true,"href":"https:\/\/doubslivreelu.fr\/index.php\/wp-json\/wp\/v2\/comments?post=2305"}],"version-history":[{"count":7,"href":"https:\/\/doubslivreelu.fr\/index.php\/wp-json\/wp\/v2\/pages\/2305\/revisions"}],"predecessor-version":[{"id":2808,"href":"https:\/\/doubslivreelu.fr\/index.php\/wp-json\/wp\/v2\/pages\/2305\/revisions\/2808"}],"wp:attachment":[{"href":"https:\/\/doubslivreelu.fr\/index.php\/wp-json\/wp\/v2\/media?parent=2305"}],"wp:term":[{"taxonomy":"folder","embeddable":true,"href":"https:\/\/doubslivreelu.fr\/index.php\/wp-json\/wp\/v2\/folder?post=2305"}],"curies":[{"name":"wp","href":"https:\/\/api.w.org\/{rel}","templated":true}]}}