{"id":1630,"date":"2022-09-07T08:00:00","date_gmt":"2022-09-07T07:00:00","guid":{"rendered":"http:\/\/lewebpedagogique.com\/doubslivreelu\/?page_id=1630"},"modified":"2026-05-09T14:18:53","modified_gmt":"2026-05-09T12:18:53","slug":"le-projet-livre-elu-2023","status":"publish","type":"page","link":"https:\/\/doubslivreelu.fr\/","title":{"rendered":""},"content":{"rendered":"<img loading=\"lazy\" decoding=\"async\" class=\"alignnone size-medium wp-image-3136 aligncenter\" src=\"http:\/\/doubslivreelu.fr\/wp-content\/uploads\/2025\/10\/logo-30-ans-300x122.jpg\" alt=\"\" width=\"300\" height=\"122\" srcset=\"https:\/\/doubslivreelu.fr\/wp-content\/uploads\/2025\/10\/logo-30-ans-300x122.jpg 300w, https:\/\/doubslivreelu.fr\/wp-content\/uploads\/2025\/10\/logo-30-ans-1024x416.jpg 1024w, https:\/\/doubslivreelu.fr\/wp-content\/uploads\/2025\/10\/logo-30-ans-768x312.jpg 768w, https:\/\/doubslivreelu.fr\/wp-content\/uploads\/2025\/10\/logo-30-ans-1536x624.jpg 1536w, https:\/\/doubslivreelu.fr\/wp-content\/uploads\/2025\/10\/logo-30-ans-2048x833.jpg 2048w, https:\/\/doubslivreelu.fr\/wp-content\/uploads\/2025\/10\/logo-30-ans-604x246.jpg 604w\" sizes=\"auto, (max-width: 300px) 100vw, 300px\" \/>\n\n<!-- \/wp:post-content --><!-- wp:heading {\"textAlign\":\"center\",\"textColor\":\"vivid-red\"} -->\n<h2>Bienvenue sur le site du Livre \u00e9lu.<\/h2>\n<!-- \/wp:heading --><!-- wp:paragraph {\"backgroundColor\":\"light-green-cyan\",\"fontSize\":\"medium\"} -->\n\nPour contacter l\u2019association, merci d\u2019utiliser l\u2019adresse suivante : <a href=\"mailto:doubslivreelu@gmail.com\">doubslivreelu@gmail.com<\/a>\n\n-*-*-*-*-*-*-*-*-*-*-*-*\n<h2>Le projet 2025-2026<\/h2>\n<a href=\"http:\/\/doubslivreelu.fr\/wp-content\/uploads\/2026\/04\/projet-livre-elu-2026.docx\" target=\"_blank\" rel=\"noopener\">T\u00e9l\u00e9charger le projet 2025-2026<\/a>\n\n*-*-*-*-*-*-*-*-*-*-*\n<h3><span style=\"color: #ff0000;\">Info 3 Mai 2026<\/span> &#8211; Organisation de l&rsquo;exposition de Besan\u00e7on<\/h3>\n<p style=\"padding-left: 40px;\">Suivez <a href=\"http:\/\/doubslivreelu.fr\/wp-content\/uploads\/2026\/05\/Info-3-expo-besancon-2026.pdf\" target=\"_blank\" rel=\"noopener\">ce lien pour la lire et l&rsquo;enregistrer<\/a><\/p>\n\n<h3>Info 2 Mars 2026<\/h3>\n<p style=\"padding-left: 40px;\">Suivez <a href=\"http:\/\/doubslivreelu.fr\/wp-content\/uploads\/2026\/03\/Info-2-2026.pdf\" target=\"_blank\" rel=\"noopener\">ce lien pour la lire et l\u2019enregistrer<\/a>.<\/p>\n-*-*-*-*-*-*-*-*-*-*-*-*\n<h2>Appel \u00e0 soutien<\/h2>\nDepuis 30 ans des milliers de jeunes de 3 \u00e0 18 ans (vous peut-\u00eatre ?) ont, gr\u00e2ce au Livre \u00c9lu, d\u00e9couvert des albums, d\u00e9vor\u00e9 des romans, \u00e9chang\u00e9 des impressions, r\u00e9fl\u00e9chi, grandi ! Mais pour le \u00ab\u00a0Livre \u00c9lu\u00a0\u00bb les temps sont durs\u00a0! Le prix des livres augmente et les subventions baissent. Pour aider les classes \u00e0 acheter les livres, <strong>nous avons besoin de votre soutien<\/strong> !\n\nPour cela, vous pouvez faire un don en suivant ce lien\n\n<a href=\"https:\/\/www.helloasso.com\/associations\/doubs-livre-elu\/collectes\/le-livre-elu-ouvre-en-grand-les-portes-de-la-lecture-aux-jeunes\" target=\"_blank\" rel=\"noopener\">https:\/\/www.helloasso.com\/associations\/doubs-livre-elu\/collectes\/le-livre-elu-ouvre-en-grand-les-portes-de-la-lecture-aux-jeunes<\/a>\n\n-*-*-*-*-*-*-*-*-*-*-*-*\n<h2>Fiches p\u00e9dagogiques 2025-2026<\/h2>\nLes fiches p\u00e9dagogiques des listes 1, 2, 3 et 4 sont disponibles.\n\n<a href=\"https:\/\/drive.google.com\/drive\/folders\/1wppgaQNYnA6F9k84ajF7qIOUGLPU9U3e?usp=sharing\" target=\"_blank\" rel=\"noopener\">Voir les fiches de la liste 1<\/a>,\n\n<a href=\"https:\/\/drive.google.com\/drive\/folders\/1tlczzGILbjqYGB7P_fCSLRvYW5dsnZv3?usp=sharing\" target=\"_blank\" rel=\"noopener\">Voir les fiches de la liste 2<\/a>,\n\n<a href=\"https:\/\/drive.google.com\/drive\/folders\/1dVP59XgJYwBiQgfu93YK8Zb5VYjO7BT7?usp=drive_link\" target=\"_blank\" rel=\"noopener\">Voir les fiches de la liste 3,<\/a>\n\n<a href=\"https:\/\/drive.google.com\/drive\/folders\/1sZTJ5SGAPjI6gBRZ6sRAcb8VUuFuw23r?usp=sharing\" target=\"_blank\" rel=\"noopener\">Voir les fiches de la liste 4,<\/a>\n\n<span style=\"font-size: revert;\">-*-*-*-*-*-*-*-*-*-*-*-*<\/span>\n<h2>Infos<\/h2>\nVous trouverez ci-dessous les infos au fur et \u00e0 mesure de leur parution\n\nVoici l&rsquo;<a href=\"http:\/\/doubslivreelu.fr\/wp-content\/uploads\/2025\/10\/Info-1-2026.pdf\" target=\"_blank\" rel=\"noopener\">info 1 2025-26<\/a>\n\n<span style=\"font-size: revert;\">-*-*-*-*-*-*-*-*-*-*-*-*<\/span>\n<h2>Listes 2025-2026<\/h2>\nVoici les listes pour la trenti\u00e8me \u00e9dition du Livre \u00e9lu. Les listes sont pr\u00e9sent\u00e9es diff\u00e9remment : une premi\u00e8re partie propose des livres r\u00e9cents, une deuxi\u00e8me partie propose des livres ayant figur\u00e9 sur les listes au cours des trente ans d\u2019existence du Livre \u00e9lu.\n\nVous pouvez <a href=\"http:\/\/doubslivreelu.fr\/wp-content\/uploads\/2025\/09\/LISTES-1-a-6-2025-26-def-1.pdf\" target=\"_blank\" rel=\"noopener\">t\u00e9l\u00e9charger les listes 1 \u00e0 6 d\u00e9finitives ici<\/a>.\n\n<span style=\"font-size: revert;\">-*-*-*-*-*-*-*-*-*-*-*-*<\/span>\n<h3>Le palmar\u00e8s des votes 2025 est <a href=\"http:\/\/doubslivreelu.fr\/wp-content\/uploads\/2025\/06\/palmares-2024-25.pdf\" target=\"_blank\" rel=\"noopener\">disponible ici<\/a><\/h3>\n<!-- \/wp:paragraph --><!-- wp:paragraph -->\n<p style=\"text-align: left;\">-*-*-*-*-*-*-*-*-*-*-*-*<\/p>\n<!-- \/wp:paragraph --><!-- wp:paragraph -->\n<h2><strong>Des exemples de r\u00e9alisations<\/strong><\/h2>\nElle ont \u00e9t\u00e9 r\u00e9alis\u00e9es par des classes dans le cadre du Livre \u00e9lu ces derni\u00e8res ann\u00e9es.\nLes liens dans la page permettent de voir quelques exemples.\nD&rsquo;autres exemples sont ajout\u00e9s r\u00e9guli\u00e8rement, n&rsquo;h\u00e9sitez pas \u00e0 revenir\u00a0 sur le site pour consulter les nouveaut\u00e9s.\n<ul>\n \t<li><a href=\"https:\/\/doubslivreelu.fr\/index.php\/des-exemples-de-productions\/\" target=\"_blank\" rel=\"noreferrer noopener\" data-type=\"page\" data-id=\"2935\">Cliquez ici pour acc\u00e9der \u00e0 cette page<\/a>.<\/li>\n<\/ul>\n-*-*-*-*-*-*-*-*-*-*-*-*\n\n<!-- \/wp:paragraph --><!-- wp:heading -->\n\n<!-- \/wp:heading --><!-- wp:paragraph -->\n<p style=\"text-align: left;\"><strong>Les r\u00e9sultats des votes<\/strong> pour toutes les ann\u00e9es de 1997 \u00e0 2024 sont disponibles dans le menu palmar\u00e8s<\/p>\n<!-- \/wp:paragraph --><!-- wp:paragraph {\"style\":{\"elements\":{\"link\":{\"color\":{\"text\":\"var:preset|color|vivid-red\"}}},\"typography\":{\"fontSize\":\"20px\"}},\"textColor\":\"vivid-red\"} -->\n\n*-*-*-*-*-*-*-*-*-*-*\n\n<!-- \/wp:paragraph --><!-- wp:paragraph {\"style\":{\"elements\":{\"link\":{\"color\":{\"text\":\"var:preset|color|vivid-red\"}}}},\"textColor\":\"vivid-red\"} -->\n<h2><strong>Fiches p\u00e9dagogiques 2024-2025<\/strong><\/h2>\n<!-- \/wp:paragraph --><!-- wp:paragraph -->\n<ul>\n \t<li><a href=\"https:\/\/drive.google.com\/drive\/folders\/1qchb4KUXvUeaZp7uY0_AypKsVbKx2vNU?usp=sharing\" target=\"_blank\" rel=\"noreferrer noopener\"><strong>Liste 1<\/strong><\/a> : toutes les fiches p\u00e9dagogiques de la liste 1<\/li>\n<\/ul>\n<!-- \/wp:paragraph --><!-- wp:paragraph -->\n<ul>\n \t<li><strong><a href=\"https:\/\/drive.google.com\/drive\/folders\/1KByhasW2TnEDQlbzsmttUNOA4rw_8oHG?usp=sharing\" target=\"_blank\" rel=\"noreferrer noopener\">Liste 2<\/a><\/strong> : toutes les fiches p\u00e9dagogiques de la liste 2<\/li>\n<\/ul>\n<!-- \/wp:paragraph --><!-- wp:paragraph -->\n<ul>\n \t<li><strong><a href=\"https:\/\/drive.google.com\/drive\/folders\/1Wv3URpjVNUlk1i5_gAceAwts_CBMkYOR?usp=sharing\" target=\"_blank\" rel=\"noreferrer noopener\">Liste 3<\/a><\/strong> : toutes les fiches p\u00e9dagogiques de la liste 3<\/li>\n<\/ul>\n<!-- \/wp:paragraph --><!-- wp:paragraph -->\n<ul>\n \t<li><a href=\"https:\/\/drive.google.com\/drive\/folders\/1md4G6lLekBOptePL2ZB4krHQxYgyX7Jq?usp=sharing\" target=\"_blank\" rel=\"noreferrer noopener\"><strong>Liste 4<\/strong> <\/a>: toutes les fiches p\u00e9dagogiques de la liste 4<\/li>\n<\/ul>\n*-*-*-*-*-*-*-*-*-*-*\n\n<!-- \/wp:paragraph -->\n\n<!-- \/wp:buttons --><!-- wp:paragraph {\"backgroundColor\":\"white\",\"fontSize\":\"medium\"} -->\n<h3 style=\"text-align: left;\"><strong>Carnet de lecture<\/strong> \u00e0 <a href=\"http:\/\/doubslivreelu.fr\/wp-content\/uploads\/2023\/09\/carnet-de-lecture-livre-elu.pdf\" target=\"_blank\" rel=\"noopener\">t\u00e9l\u00e9charger ici<\/a><\/h3>\n<!-- \/wp:heading --><!-- wp:paragraph -->\n\n<!-- \/wp:paragraph --><!-- wp:buttons {\"layout\":{\"type\":\"flex\",\"justifyContent\":\"center\",\"verticalAlignment\":\"top\"}} -->\n\n<!-- wp:button {\"textAlign\":\"center\",\"className\":\"is-style-outline\"} -->\n\n<!-- \/wp:button -->\n\n<!-- \/wp:buttons -->\n<figure>*-*-*-*-*-*-*-*-*-*-*<\/figure>\n<!-- \/wp:media-text --><!-- wp:media-text {\"align\":\"wide\",\"mediaId\":2295,\"mediaLink\":\"https:\/\/doubslivreelu.fr\/photo-selection-detaillee\/\",\"mediaType\":\"image\",\"mediaWidth\":41} -->\n<figure><img loading=\"lazy\" decoding=\"async\" class=\"alignleft\" src=\"http:\/\/doubslivreelu.fr\/wp-content\/uploads\/2022\/10\/photo-selection-detaillee-e1677768987383-1024x724.png\" alt=\"\" width=\"239\" height=\"169\" \/><\/figure>\n<!-- wp:heading {\"textAlign\":\"center\",\"level\":4,\"style\":{\"elements\":{\"link\":{\"color\":{\"text\":\"var:preset|color|vivid-red\"}}}},\"textColor\":\"vivid-red\"} -->\n<h4><\/h4>\n<!-- wp:heading {\"textAlign\":\"center\",\"level\":4,\"style\":{\"elements\":{\"link\":{\"color\":{\"text\":\"var:preset|color|vivid-red\"}}}},\"textColor\":\"vivid-red\"} -->\n<h2><strong>Toutes les informations <\/strong><\/h2>\n<!-- \/wp:heading --><!-- wp:paragraph -->\n\n<!-- \/wp:paragraph --><!-- wp:buttons -->\n\n<!-- wp:button {\"className\":\"is-style-outline\"} -->\n\n<a href=\"http:\/\/doubslivreelu.fr\/wp-content\/uploads\/2024\/09\/projet-livre-elu-2025.pdf\" target=\"_blank\" rel=\"noreferrer noopener\"><em>Consulter, t\u00e9l\u00e9charger le projet<\/em><\/a>\n\n<!-- \/wp:button -->\n\n<!-- \/wp:buttons -->\n\n<!-- \/wp:media-text --><!-- wp:media-text {\"align\":\"wide\",\"mediaPosition\":\"right\",\"mediaId\":2558,\"mediaLink\":\"https:\/\/doubslivreelu.fr\/pratcic\/\",\"mediaType\":\"image\"} -->\n\n<!-- wp:heading {\"textAlign\":\"center\",\"level\":4} -->\n\n<!-- \/wp:heading --><!-- wp:paragraph -->\n\n<!-- \/wp:paragraph --><!-- wp:buttons {\"layout\":{\"type\":\"flex\",\"justifyContent\":\"center\",\"verticalAlignment\":\"top\"}} -->\n\n<!-- wp:button {\"textAlign\":\"center\",\"className\":\"is-style-outline\"} -->\n\n<!-- \/wp:button -->\n\n<!-- \/wp:buttons -->\n<figure><\/figure>\n<p style=\"text-align: left;\">*-*-*-*-*-*-*-*-*-*-*<\/p>\n<!-- \/wp:media-text --><!-- wp:media-text {\"align\":\"wide\",\"mediaPosition\":\"right\",\"mediaId\":2572,\"mediaLink\":\"https:\/\/doubslivreelu.fr\/logo-fiches-peda\/\",\"mediaType\":\"image\"} -->\n\n<!-- wp:paragraph {\"align\":\"center\",\"placeholder\":\"Contenu\u2026\"} -->\n<p style=\"text-align: left;\">Consulter r\u00e9guli\u00e8rement notre offre de fiches afin de d\u00e9couvrir les nouveaux titres ajout\u00e9s.<\/p>\n<!-- \/wp:paragraph --><!-- wp:buttons -->\n\n<!-- wp:button {\"className\":\"is-style-outline\"} -->\n<p style=\"text-align: left;\"><a href=\"https:\/\/drive.google.com\/drive\/folders\/1uUTB966Vzbm48QZpixDjIp_q8SHqSbIz?usp=sharing\" target=\"_blank\" rel=\"noreferrer noopener\">T\u00e9l\u00e9charger les fiches p\u00e9dagogiques 2024<\/a><\/p>\n<!-- \/wp:button -->\n\n<!-- \/wp:buttons -->\n\n<!-- \/wp:media-text --><!-- wp:media-text {\"align\":\"wide\",\"mediaId\":2551,\"mediaLink\":\"https:\/\/lewebpedagogique.com\/doubslivreelu\/5\/\",\"mediaType\":\"image\"} -->\n<figure>*-*-*-*-*-*-*-*-*-*-*<\/figure>\n<!-- wp:heading {\"textAlign\":\"center\",\"level\":4} -->\n<h4>En qu\u00eate d\u2019id\u00e9es ? <strong>les productions num\u00e9riques 2024sont disponibles sur notre PADLET 202<\/strong>4<\/h4>\n<!-- \/wp:heading --><!-- wp:paragraph -->\n\n<!-- \/wp:paragraph --><!-- wp:buttons {\"layout\":{\"type\":\"flex\",\"justifyContent\":\"center\"}} -->\n\n<!-- wp:button {\"textAlign\":\"center\",\"className\":\"is-style-outline\"} -->\n\n<a href=\"https:\/\/padlet.com\/christiantissier1\/le-livre-lu-2024-420wxs5ynbgycvtw\" target=\"_blank\" rel=\"noreferrer noopener\"><em>Acc\u00e9der au PADLET<\/em><\/a>\n\n<!-- \/wp:button -->\n\n<!-- \/wp:buttons -->\n\n<!-- \/wp:media-text --><!-- wp:media-text {\"align\":\"wide\",\"mediaId\":2551,\"mediaLink\":\"https:\/\/lewebpedagogique.com\/doubslivreelu\/5\/\",\"mediaType\":\"image\"} -->\n\n<!-- wp:heading {\"textAlign\":\"center\",\"level\":4} -->\n<h4><strong>Les productions num\u00e9riques 2023, consulter notre PADLET 2023<\/strong><\/h4>\n<!-- \/wp:heading --><!-- wp:paragraph -->\n\n<!-- \/wp:paragraph --><!-- wp:buttons {\"layout\":{\"type\":\"flex\",\"justifyContent\":\"center\"}} -->\n\n<!-- wp:button {\"textAlign\":\"center\",\"className\":\"is-style-outline\"} -->\n\n<a href=\"https:\/\/padlet.com\/celine_retrouvey\/productions-num-riques-livre-lu-2023-qnqzayh5rbinev9y\" target=\"_blank\" rel=\"noreferrer noopener\"><em>Acc\u00e9der au PADLET<\/em><\/a>\n\n<!-- \/wp:button -->\n\n<!-- \/wp:buttons -->\n\n<!-- \/wp:media-text --><!-- wp:media-text {\"align\":\"wide\",\"mediaId\":2552,\"mediaLink\":\"https:\/\/doubslivreelu.fr\/6\/\",\"mediaType\":\"image\"} -->\n<figure>*-*-*-*-*-*-*-*-*-*-*<\/figure>\n<!-- wp:heading {\"textAlign\":\"center\",\"level\":4} -->\n<h4><strong>Des ressources officielles pour vous guider dans la conduite de votre projet.<\/strong><\/h4>\n<!-- \/wp:heading --><!-- wp:paragraph -->\n\n<!-- \/wp:paragraph --><!-- wp:buttons {\"layout\":{\"type\":\"flex\",\"justifyContent\":\"center\"}} -->\n\n<!-- wp:button {\"textAlign\":\"center\",\"className\":\"is-style-outline\"} -->\n\n<em><a href=\"https:\/\/doubslivreelu.fr\/index.php\/liens-vers-des-documents-sur-la-lecture-comprehension\/\" target=\"_blank\" rel=\"noreferrer noopener\">Acc\u00e9der aux ressources officielles<\/a><\/em>\n\n<!-- \/wp:heading --><!-- wp:paragraph -->\n\n<!-- \/wp:paragraph --><!-- wp:buttons {\"layout\":{\"type\":\"flex\",\"justifyContent\":\"center\",\"verticalAlignment\":\"top\"}} -->\n\n<!-- wp:button {\"textAlign\":\"center\",\"className\":\"is-style-outline\"} -->\n\n<!-- \/wp:button -->\n\n<!-- \/wp:buttons -->\n\n<!-- \/wp:media-text --><!-- wp:buttons {\"fontSize\":\"medium\"} -->\n\n<!-- wp:button -->\n<p style=\"text-align: left;\">*-*-*-*-*-*-*-*-*-*-*<\/p>\n<!-- wp:buttons -->\n\n<!-- wp:button -->\n<p style=\"text-align: left;\"><a>Les votes seront ouverts en fin d\u2019ann\u00e9e\u2026<\/a><\/p>\n<!-- \/wp:button -->\n\n<!-- \/wp:buttons --><!-- wp:freeform -->\n<p style=\"text-align: left;\">Rendez-vous sur <a href=\"https:\/\/pia.ac-besancon.fr\/accueil\/\">Pratic +<\/a> (widget Livre \u00e9lu). Attention, ne figure dans votre liste de livres que les livres que vous aviez coch\u00e9s au d\u00e9part, mais vous pouvez modifier cette liste sans souci. Retournez sur la page des inscriptions et modifiez votre liste.<\/p>\n<p style=\"text-align: center;\"><!-- \/wp:freeform --><\/p>\n<!-- \/wp:media-text --><!-- wp:html -->\n<p style=\"text-align: left;\"><em>Nous vous souhaitons \u00e0 vous et vos \u00e9l\u00e8ves, de beaux moments de lecture partag\u00e9s et de riches \u00e9changes autour\u00a0de cette s\u00e9lection 2025 ! <\/em><\/p>\n<!-- \/wp:html --><!-- wp:paragraph {\"align\":\"center\"} -->\n<p style=\"text-align: left;\"><em>L&rsquo;\u00e9quipe du Livre \u00e9lu.<\/em><\/p>\n<!-- \/wp:paragraph --><!-- wp:paragraph -->\n\n<!-- \/wp:paragraph --><!-- wp:paragraph -->\n\n<!-- \/wp:paragraph --><!-- wp:paragraph -->\n\n<!-- \/wp:paragraph -->\n\n<!-- wp:paragraph -->\n\n<!-- \/wp:paragraph -->","protected":false},"excerpt":{"rendered":"<p>Bienvenue sur le site du Livre \u00e9lu. Pour contacter l\u2019association, merci d\u2019utiliser l\u2019adresse suivante : doubslivreelu@gmail.com -*-*-*-*-*-*-*-*-*-*-*-* Le projet 2025-2026 T\u00e9l\u00e9charger le projet 2025-2026 *-*-*-*-*-*-*-*-*-*-* Info 3 Mai 2026 &#8211; Organisation de l&rsquo;exposition de Besan\u00e7on Suivez ce lien pour la lire et l&rsquo;enregistrer Info 2 Mars 2026 Suivez ce lien pour la lire et l\u2019enregistrer. -*-*-*-*-*-*-*-*-*-*-*-* Appel \u00e0 soutien Depuis 30 ans des milliers de jeunes de 3 \u00e0 18 ans (vous peut-\u00eatre ?) ont, gr\u00e2ce au Livre \u00c9lu, d\u00e9couvert&#8230;<\/p>\n<p class=\"read-more\"><a class=\"btn btn-default\" href=\"https:\/\/doubslivreelu.fr\/\">Lire la suite<span class=\"screen-reader-text\"> Lire la suite<\/span><\/a><\/p>\n","protected":false},"author":1,"featured_media":0,"parent":0,"menu_order":0,"comment_status":"closed","ping_status":"closed","template":"","meta":{"footnotes":""},"folder":[],"class_list":["post-1630","page","type-page","status-publish","hentry"],"_links":{"self":[{"href":"https:\/\/doubslivreelu.fr\/index.php\/wp-json\/wp\/v2\/pages\/1630","targetHints":{"allow":["GET"]}}],"collection":[{"href":"https:\/\/doubslivreelu.fr\/index.php\/wp-json\/wp\/v2\/pages"}],"about":[{"href":"https:\/\/doubslivreelu.fr\/index.php\/wp-json\/wp\/v2\/types\/page"}],"author":[{"embeddable":true,"href":"https:\/\/doubslivreelu.fr\/index.php\/wp-json\/wp\/v2\/users\/1"}],"replies":[{"embeddable":true,"href":"https:\/\/doubslivreelu.fr\/index.php\/wp-json\/wp\/v2\/comments?post=1630"}],"version-history":[{"count":154,"href":"https:\/\/doubslivreelu.fr\/index.php\/wp-json\/wp\/v2\/pages\/1630\/revisions"}],"predecessor-version":[{"id":3211,"href":"https:\/\/doubslivreelu.fr\/index.php\/wp-json\/wp\/v2\/pages\/1630\/revisions\/3211"}],"wp:attachment":[{"href":"https:\/\/doubslivreelu.fr\/index.php\/wp-json\/wp\/v2\/media?parent=1630"}],"wp:term":[{"taxonomy":"folder","embeddable":true,"href":"https:\/\/doubslivreelu.fr\/index.php\/wp-json\/wp\/v2\/folder?post=1630"}],"curies":[{"name":"wp","href":"https:\/\/api.w.org\/{rel}","templated":true}]}}